{"id":379,"date":"2017-01-23T02:21:31","date_gmt":"2017-01-23T02:21:31","guid":{"rendered":"http:\/\/travelwp.physcode.com\/?page_id=379"},"modified":"2021-06-23T09:40:44","modified_gmt":"2021-06-23T07:40:44","slug":"o-agencija","status":"publish","type":"page","link":"https:\/\/medjugorje-royal.ba\/pl\/o-agencija\/","title":{"rendered":"O nas"},"content":{"rendered":"<p>[vc_row css_animation=&#8221;bottom-to-top&#8221;][vc_column][vc_single_image image=&#8221;919&#8243; img_size=&#8221;medium&#8221; alignment=&#8221;center&#8221;][vc_custom_heading text=&#8221;Dlaczego warto wsp\u00f3\u0142pracowa\u0107 z biurem Me\u0111ugorje Royal Travel?&#8221; css=&#8221;.vc_custom_1622626277877{margin-bottom: 30px !important;}&#8221;][vc_column_text]<\/p>\n<p class=\"justify-paragraf\">Znajdujemy si\u0119 w samym sercu Medziugorja, naprzeciw ko\u015bcio\u0142a \u015bw. Jakuba, od 2009 roku jeste\u015bmy oddani pielgrzymom, kt\u00f3rzy przyje\u017cd\u017caj\u0105 i wybieraj\u0105 Biuro Me\u0111ugorje Royal Travel do organizacji swojej podr\u00f3\u017cy. Mili pracownicy, kt\u00f3rzy m\u00f3wi\u0105 w Waszym j\u0119zyku, w ka\u017cej chwili s\u0105 do Waszej dyspozycji, gotowi do profesjonalnego wykonywania swojej pracy.<\/p>\n<p>[\/vc_column_text][\/vc_column][\/vc_row][vc_row][vc_column width=&#8221;1\/2&#8243;][vc_single_image image=&#8221;1272&#8243; img_size=&#8221;1200&#215;800&#8243; alignment=&#8221;center&#8221; css_animation=&#8221;fadeInUp&#8221;][\/vc_column][vc_column width=&#8221;1\/2&#8243;][vc_single_image image=&#8221;1267&#8243; img_size=&#8221;1200&#215;800&#8243; alignment=&#8221;center&#8221; css_animation=&#8221;fadeInUp&#8221;][\/vc_column][\/vc_row][vc_row css=&#8221;.vc_custom_1620894404616{margin-top: 50px !important;}&#8221;][vc_column][vc_custom_heading text=&#8221;Co mo\u017cemy dla Was zrobi\u0107?&#8221; css_animation=&#8221;fadeInUp&#8221; css=&#8221;.vc_custom_1622626282538{margin-bottom: 30px !important;}&#8221;][vc_row_inner][vc_column_inner width=&#8221;1\/2&#8243;][vc_column_text css_animation=&#8221;fadeInUp&#8221;]<\/p>\n<ul>\n<li class=\"justify-paragraf\">Rezerwacja zakwaterowania w centrum Medziugorja<\/li>\n<li class=\"justify-paragraf\">Organizacja imprez turystycznych (pakiety dostosowane dla grup i os\u00f3b indywidualnych)<\/li>\n<li class=\"justify-paragraf\">Pomoc i wsparcie w ka\u017cdym momencie Waszej podr\u00f3\u017cy<\/li>\n<\/ul>\n<p>[\/vc_column_text][\/vc_column_inner][vc_column_inner width=&#8221;1\/2&#8243;][vc_column_text css_animation=&#8221;fadeInUp&#8221;]<\/p>\n<ul>\n<li class=\"justify-paragraf\">Indywidualne transfery z lotniska i z powrotem, transfery lokalne, organizacja transportu (autobusy, bilety na statki, loty czarterowe)<\/li>\n<li class=\"justify-paragraf\">Organizacja pielgrzymek (wizy turystyczne, licencjonowani przewodnicy turystyczni, nawiedzenie najwa\u017cniejszych miejsc modlitwy w Medziugorju, wycieczki po Hercegowinie i Chorwacji)<\/li>\n<\/ul>\n<p>[\/vc_column_text][\/vc_column_inner][\/vc_row_inner][\/vc_column][\/vc_row][vc_row css_animation=&#8221;fadeInUp&#8221;][vc_column width=&#8221;1\/3&#8243;][vc_single_image image=&#8221;1415&#8243; img_size=&#8221;600&#215;400&#8243;][\/vc_column][vc_column width=&#8221;1\/3&#8243;][vc_single_image image=&#8221;1395&#8243; img_size=&#8221;600&#215;400&#8243;][\/vc_column][vc_column width=&#8221;1\/3&#8243;][vc_single_image image=&#8221;1238&#8243; img_size=&#8221;600&#215;400&#8243;][\/vc_column][\/vc_row][vc_row css_animation=&#8221;fadeInUp&#8221;][vc_column][vc_column_text]<\/p>\n<p class=\"justify-paragraf\">Wybierzcie nasze biuro na podr\u00f3\u017c do Medziugorja\u2026 lub po prostu odwied\u017acie nas po przyje\u017adzie do Medziugorja i porozmawiajcie z nami przy tradycyjnej fili\u017cance kawy, dlaczego nie? Nasze biuro jest do Waszej dyspozycji!<\/p>\n<p>[\/vc_column_text][vc_column_text]<\/p>\n<p class=\"justify-paragraf\">Nasza agencja jest cz\u0142onkiem Klastra Turystycznego Hercegowiny, cz\u0142onkiem UTHIS (Stowarzyszenia Turystyki, Hotelarstwa i Wynajmu Pokoju), a dyrektor agencji jest r\u00f3wnie\u017c cz\u0142onkiem Zarz\u0105du UTHIS. Agencja Royal Medjugorje jest sta\u0142ym uczestnikiem najwa\u017cniejszych targ\u00f3w turystycznych BIT Fiera Milano i FITUR w Madrycie.<\/p>\n<p>[\/vc_column_text][vc_row_inner][vc_column_inner width=&#8221;1\/2&#8243;][vc_single_image image=&#8221;1434&#8243; img_size=&#8221;300&#215;200&#8243; alignment=&#8221;center&#8221;][\/vc_column_inner][vc_column_inner width=&#8221;1\/2&#8243;][vc_single_image image=&#8221;1435&#8243; img_size=&#8221;300&#215;200&#8243; alignment=&#8221;center&#8221;][\/vc_column_inner][\/vc_row_inner][\/vc_column][\/vc_row]<\/p>","protected":false},"excerpt":{"rendered":"<p>[vc_row css_animation=&#8221;bottom-to-top&#8221;][vc_column][vc_single_image image=&#8221;919&#8243; img_size=&#8221;medium&#8221; alignment=&#8221;center&#8221;][vc_custom_heading text=&#8221;Dlaczego warto wsp\u00f3\u0142pracowa\u0107 z biurem Me\u0111ugorje Royal Travel?&#8221; css=&#8221;.vc_custom_1622626277877{margin-bottom: 30px !important;}&#8221;][vc_column_text]<br \/>\nZnajdujemy si\u0119 w samym sercu Medziugorja, naprzeciw ko\u015bcio\u0142a \u015bw. Jakuba, od 2009 roku jeste\u015bmy <\/p>\n","protected":false},"author":1,"featured_media":0,"parent":0,"menu_order":0,"comment_status":"closed","ping_status":"closed","template":"","meta":[],"yoast_head":"<!-- This site is optimized with the Yoast SEO Premium plugin v15.9 - https:\/\/yoast.com\/wordpress\/plugins\/seo\/ -->\n<title>Medjugorje Royal - Agencija za prijevoz i smje\u0161taj putnika te izlete<\/title>\n<meta name=\"description\" content=\"Smje\u0161teni u samom srcu Me\u0111ugorja, preko puta crkve sv. Jakova. Izaberite upravo na\u0161u agenciju za organizaciju svog putovanja ili smje\u0161taja.\" \/>\n<meta name=\"robots\" content=\"index, follow, max-snippet:-1, max-image-preview:large, max-video-preview:-1\" \/>\n<link rel=\"canonical\" href=\"https:\/\/medjugorje-royal.ba\/o-agencija\/\" \/>\n<meta property=\"og:locale\" content=\"pl_PL\" \/>\n<meta property=\"og:type\" content=\"article\" \/>\n<meta property=\"og:title\" content=\"Medjugorje Royal - Agencija za prijevoz i smje\u0161taj putnika te izlete\" \/>\n<meta property=\"og:description\" content=\"Smje\u0161teni u samom srcu Me\u0111ugorja, preko puta crkve sv. Jakova. Izaberite upravo na\u0161u agenciju za organizaciju svog putovanja ili smje\u0161taja.\" \/>\n<meta property=\"og:url\" content=\"https:\/\/medjugorje-royal.ba\/o-agencija\/\" \/>\n<meta property=\"og:site_name\" content=\"Medjugorje Royal\" \/>\n<meta property=\"article:publisher\" content=\"https:\/\/www.facebook.com\/profile.php?id=100057577453706\" \/>\n<meta property=\"article:modified_time\" content=\"2021-06-23T07:40:44+00:00\" \/>\n<meta property=\"og:image\" content=\"https:\/\/medjugorje-royal.ba\/wp-content\/uploads\/2021\/06\/Royal-LOGO-RGB.png\" \/>\n\t<meta property=\"og:image:width\" content=\"190\" \/>\n\t<meta property=\"og:image:height\" content=\"110\" \/>\n<meta name=\"twitter:card\" content=\"summary_large_image\" \/>\n<meta name=\"twitter:label1\" content=\"Szacowany czas czytania\">\n\t<meta name=\"twitter:data1\" content=\"2 minuty\">\n<script type=\"application\/ld+json\" class=\"yoast-schema-graph\">{\"@context\":\"https:\/\/schema.org\",\"@graph\":[{\"@type\":\"Organization\",\"@id\":\"https:\/\/medjugorje-royal.ba\/#organization\",\"name\":\"Medjugorje Royal\",\"url\":\"https:\/\/medjugorje-royal.ba\/\",\"sameAs\":[\"https:\/\/www.facebook.com\/profile.php?id=100057577453706\",\"https:\/\/www.instagram.com\/pansionno1\/\"],\"logo\":{\"@type\":\"ImageObject\",\"@id\":\"https:\/\/medjugorje-royal.ba\/#logo\",\"inLanguage\":\"pl-PL\",\"url\":\"https:\/\/medjugorje-royal.ba\/wp-content\/uploads\/2021\/05\/Royal-LOGO-RGB.png\",\"width\":800,\"height\":463,\"caption\":\"Medjugorje Royal\"},\"image\":{\"@id\":\"https:\/\/medjugorje-royal.ba\/#logo\"}},{\"@type\":\"WebSite\",\"@id\":\"https:\/\/medjugorje-royal.ba\/#website\",\"url\":\"https:\/\/medjugorje-royal.ba\/\",\"name\":\"Medjugorje Royal\",\"description\":\"Travel Agency\",\"publisher\":{\"@id\":\"https:\/\/medjugorje-royal.ba\/#organization\"},\"potentialAction\":[{\"@type\":\"SearchAction\",\"target\":\"https:\/\/medjugorje-royal.ba\/?s={search_term_string}\",\"query-input\":\"required name=search_term_string\"}],\"inLanguage\":\"pl-PL\"},{\"@type\":\"WebPage\",\"@id\":\"https:\/\/medjugorje-royal.ba\/o-agencija\/#webpage\",\"url\":\"https:\/\/medjugorje-royal.ba\/o-agencija\/\",\"name\":\"Medjugorje Royal - Agencija za prijevoz i smje\\u0161taj putnika te izlete\",\"isPartOf\":{\"@id\":\"https:\/\/medjugorje-royal.ba\/#website\"},\"datePublished\":\"2017-01-23T02:21:31+00:00\",\"dateModified\":\"2021-06-23T07:40:44+00:00\",\"description\":\"Smje\\u0161teni u samom srcu Me\\u0111ugorja, preko puta crkve sv. Jakova. Izaberite upravo na\\u0161u agenciju za organizaciju svog putovanja ili smje\\u0161taja.\",\"breadcrumb\":{\"@id\":\"https:\/\/medjugorje-royal.ba\/o-agencija\/#breadcrumb\"},\"inLanguage\":\"pl-PL\",\"potentialAction\":[{\"@type\":\"ReadAction\",\"target\":[\"https:\/\/medjugorje-royal.ba\/o-agencija\/\"]}]},{\"@type\":\"BreadcrumbList\",\"@id\":\"https:\/\/medjugorje-royal.ba\/o-agencija\/#breadcrumb\",\"itemListElement\":[{\"@type\":\"ListItem\",\"position\":1,\"item\":{\"@type\":\"WebPage\",\"@id\":\"https:\/\/medjugorje-royal.ba\/\",\"url\":\"https:\/\/medjugorje-royal.ba\/\",\"name\":\"Home\"}},{\"@type\":\"ListItem\",\"position\":2,\"item\":{\"@type\":\"WebPage\",\"@id\":\"https:\/\/medjugorje-royal.ba\/o-agencija\/\",\"url\":\"https:\/\/medjugorje-royal.ba\/o-agencija\/\",\"name\":\"O nama\"}}]}]}<\/script>\n<!-- \/ Yoast SEO Premium plugin. -->","_links":{"self":[{"href":"https:\/\/medjugorje-royal.ba\/pl\/wp-json\/wp\/v2\/pages\/379"}],"collection":[{"href":"https:\/\/medjugorje-royal.ba\/pl\/wp-json\/wp\/v2\/pages"}],"about":[{"href":"https:\/\/medjugorje-royal.ba\/pl\/wp-json\/wp\/v2\/types\/page"}],"author":[{"embeddable":true,"href":"https:\/\/medjugorje-royal.ba\/pl\/wp-json\/wp\/v2\/users\/1"}],"replies":[{"embeddable":true,"href":"https:\/\/medjugorje-royal.ba\/pl\/wp-json\/wp\/v2\/comments?post=379"}],"version-history":[{"count":42,"href":"https:\/\/medjugorje-royal.ba\/pl\/wp-json\/wp\/v2\/pages\/379\/revisions"}],"predecessor-version":[{"id":2100,"href":"https:\/\/medjugorje-royal.ba\/pl\/wp-json\/wp\/v2\/pages\/379\/revisions\/2100"}],"wp:attachment":[{"href":"https:\/\/medjugorje-royal.ba\/pl\/wp-json\/wp\/v2\/media?parent=379"}],"curies":[{"name":"wp","href":"https:\/\/api.w.org\/{rel}","templated":true}]}}