{"id":1173,"date":"2021-05-12T16:11:19","date_gmt":"2021-05-12T14:11:19","guid":{"rendered":"https:\/\/medjugorje-royal.ba\/?page_id=1173"},"modified":"2021-06-23T09:05:56","modified_gmt":"2021-06-23T07:05:56","slug":"paketi-tour-de-europe","status":"publish","type":"page","link":"https:\/\/medjugorje-royal.ba\/pl\/paketi-tour-de-europe\/","title":{"rendered":"Pakiety Tour de Europe"},"content":{"rendered":"<p>[vc_row css_animation=&#8221;bottom-to-top&#8221;][vc_column][vc_column_text]<\/p>\n<p class=\"justify-paragraf\">Organizujemy indywidualne oferty dla naszych klient\u00f3w po Europie Po\u0142udniowo-Wschodniej. Dlaczego warto odwiedzi\u0107 t\u0119 tras\u0119? Przedstawimy Wam kilka pere\u0142ek, kt\u00f3re znajduj\u0105 si\u0119 w tej cz\u0119\u015bci Europy i kt\u00f3re warto odwiedzi\u0107! Opr\u00f3cz tych miast organizujemy wycieczki do wielu innych miast i kraj\u00f3w regionu &#8211; Zadar, Sarajewo, Czarnog\u00f3ra\u2026<\/p>\n<p>[\/vc_column_text][\/vc_column][\/vc_row][vc_row css_animation=&#8221;fadeInUp&#8221;][vc_column][vc_custom_heading text=&#8221;Zagrzeb&#8221; css_animation=&#8221;none&#8221;][vc_column_text css_animation=&#8221;none&#8221;]<\/p>\n<p class=\"justify-paragraf\">Zagrzeb jest stolic\u0105 Chorwacji i znajduje si\u0119 na skrzy\u017cowaniu dr\u00f3g Europy Wschodniej i Zachodniej. Dzi\u0119ki swojej austro-w\u0119gierskiej architekturze i cechom kulturowym nale\u017cy do \u015brodkowoeuropejskiego kr\u0119gu cywilizacyjnego. Znajduje si\u0119 na dw\u00f3ch wzg\u00f3rzach, Kaptol i Gradec, w centrum miasta dominuj\u0105 barokowe budynki i zapieraj\u0105ca dech w piersiach katedra gotycka.<\/p>\n<p class=\"justify-paragraf\">Mo\u017cna zwiedzi\u0107 Stare Miasto, wie\u017c\u0119 Lotr\u0161\u010dak, z kt\u00f3rej codziennie w po\u0142udnie strzela armata, \u017ar\u00f3d\u0142o Mandu\u0161evac, katedr\u0119 Wniebowzi\u0119cia Naj\u015bwi\u0119tszej Marii Panny i \u015bwi\u0119tych Ladislava i Stefana oraz wiele innych zabytk\u00f3w, z powodu kt\u00f3rych Zagrzeb jest s\u0142usznie nazywany \u201ema\u0142ym Wiedniem&#8221;.<\/p>\n<p>[\/vc_column_text][vc_row_inner][vc_column_inner width=&#8221;1\/3&#8243;][vc_single_image image=&#8221;1232&#8243; img_size=&#8221;600&#215;400&#8243; alignment=&#8221;center&#8221; css_animation=&#8221;none&#8221;][\/vc_column_inner][vc_column_inner width=&#8221;1\/3&#8243;][vc_single_image image=&#8221;1234&#8243; img_size=&#8221;600&#215;400&#8243; alignment=&#8221;center&#8221; css_animation=&#8221;none&#8221;][\/vc_column_inner][vc_column_inner width=&#8221;1\/3&#8243;][vc_single_image image=&#8221;1233&#8243; img_size=&#8221;600&#215;400&#8243; alignment=&#8221;center&#8221; css_animation=&#8221;none&#8221;][\/vc_column_inner][\/vc_row_inner][\/vc_column][\/vc_row][vc_row css_animation=&#8221;fadeInUp&#8221;][vc_column][vc_custom_heading text=&#8221;Split&#8221; css_animation=&#8221;none&#8221;][vc_column_text css_animation=&#8221;none&#8221;]<\/p>\n<p class=\"justify-paragraf\">Split to najwi\u0119ksze miasto w Dalmacji, drugie co do wielko\u015bci miasto w Chorwacji oraz gospodarcza i kulturalna siedziba Dalmacji. Centrum miasta sk\u0142ada si\u0119 z zabytkowego Pa\u0142acu Dioklecjana, kt\u00f3ry pochodzi z IV wieku i znajduje si\u0119 pod ochron\u0105 UNESCO. Obok znajduje si\u0119 \u015bredniowieczne centrum miasta, kt\u00f3re rozci\u0105ga si\u0119 a\u017c do wzg\u00f3rza Marjan.<\/p>\n<p class=\"justify-paragraf\">Duch staro\u017cytnego Cesarstwa Rzymskiego wzd\u0142u\u017c malowniczego nabrze\u017ca i portu zapewni Wam niezapomniane wspomnienia z tego miasta.<\/p>\n<p>[\/vc_column_text][vc_row_inner][vc_column_inner width=&#8221;1\/2&#8243;][vc_single_image image=&#8221;1235&#8243; img_size=&#8221;900&#215;600&#8243; alignment=&#8221;center&#8221; css_animation=&#8221;none&#8221;][\/vc_column_inner][vc_column_inner width=&#8221;1\/2&#8243;][vc_single_image image=&#8221;1236&#8243; img_size=&#8221;900&#215;600&#8243; alignment=&#8221;center&#8221; css_animation=&#8221;none&#8221;][\/vc_column_inner][\/vc_row_inner][\/vc_column][\/vc_row][vc_row css_animation=&#8221;fadeInUp&#8221;][vc_column][vc_custom_heading text=&#8221;Dubrownik&#8221; css_animation=&#8221;none&#8221;][vc_column_text css_animation=&#8221;none&#8221;]<\/p>\n<p class=\"justify-paragraf\">Dubrownik to jedno z najbardziej znanych miejsc turystycznych na \u015bwiecie. Wszystkie jego kulturowe, historyczne i architektoniczne zabytki s\u0105 trudne do opisania &#8211; Dubrownik sam w sobie jest zabytkiem. Historyczne mury, wspania\u0142y Pa\u0142ac Rektorski, Stradun, historyczna ulica \u2013 to si\u0142a nap\u0119dowa tego miasta, Kolumna Orlanda, Ko\u015bci\u00f3\u0142 \u015bw. B\u0142\u017ceja\u2026 Dubrownik to poezja i historia w jednym.<\/p>\n<p>[\/vc_column_text][vc_row_inner][vc_column_inner width=&#8221;1\/3&#8243;][vc_single_image image=&#8221;1238&#8243; img_size=&#8221;600&#215;400&#8243; alignment=&#8221;center&#8221; css_animation=&#8221;none&#8221;][\/vc_column_inner][vc_column_inner width=&#8221;1\/3&#8243;][vc_single_image image=&#8221;1237&#8243; img_size=&#8221;600&#215;400&#8243; alignment=&#8221;center&#8221; css_animation=&#8221;none&#8221;][\/vc_column_inner][vc_column_inner width=&#8221;1\/3&#8243;][vc_single_image image=&#8221;1239&#8243; img_size=&#8221;600&#215;400&#8243; alignment=&#8221;center&#8221; css_animation=&#8221;none&#8221;][\/vc_column_inner][\/vc_row_inner][\/vc_column][\/vc_row][vc_row css_animation=&#8221;fadeInUp&#8221;][vc_column][vc_custom_heading text=&#8221;Jeziora Plitwickie&#8221; css_animation=&#8221;none&#8221;][vc_column_text css_animation=&#8221;none&#8221;]<\/p>\n<p class=\"justify-paragraf\">Park Narodowy Jezior Plitwickich to najstarszy i najwi\u0119kszy park narodowy Republiki Chorwacji. Dzi\u0119ki swojemu wyj\u0105tkowemu pi\u0119knu naturalnemu obszar ten zawsze przyci\u0105ga\u0142 mi\u0142o\u015bnik\u00f3w przyrody, dlatego 8 kwietnia 1949 roku zosta\u0142 og\u0142oszony pierwszym parkiem narodowym w Chorwacji. Proces sedymentacji, kt\u00f3ry kszta\u0142tuje bariery z tufu w\u0119glanowego i tworzy jeziora, jest unikaln\u0105, uniwersaln\u0105 warto\u015bci\u0105, za kt\u00f3r\u0105 Jeziora Plitwickie otrzyma\u0142y mi\u0119dzynarodowe uznanie 26 pa\u017adziernika 1979 roku, wpisuj\u0105c si\u0119 na List\u0119 \u015awiatowego Dziedzictwa UNESCO.<\/p>\n<p>[\/vc_column_text][vc_row_inner][vc_column_inner width=&#8221;1\/3&#8243;][vc_single_image image=&#8221;1242&#8243; img_size=&#8221;600&#215;400&#8243; alignment=&#8221;center&#8221; css_animation=&#8221;none&#8221;][\/vc_column_inner][vc_column_inner width=&#8221;1\/3&#8243;][vc_single_image image=&#8221;1241&#8243; img_size=&#8221;600&#215;400&#8243; alignment=&#8221;center&#8221; css_animation=&#8221;none&#8221;][\/vc_column_inner][vc_column_inner width=&#8221;1\/3&#8243;][vc_single_image image=&#8221;1240&#8243; img_size=&#8221;600&#215;400&#8243; alignment=&#8221;center&#8221; css_animation=&#8221;none&#8221;][\/vc_column_inner][\/vc_row_inner][\/vc_column][\/vc_row][vc_row css_animation=&#8221;fadeInUp&#8221;][vc_column][vc_custom_heading text=&#8221;Rezerwacja podr\u00f3\u017cy&#8221; css=&#8221;.vc_custom_1622627005657{margin-bottom: 30px !important;}&#8221;][vc_column_text css_animation=&#8221;none&#8221;]<\/p>\n<p class=\"justify-paragraf\">Wype\u0142nij poni\u017cszy formularz i wy\u015blij zapytanie, aby pozna\u0107 szczeg\u00f3\u0142y oraz cen\u0119 wycieczki<\/p>\n<div role=\"form\" class=\"wpcf7\" id=\"wpcf7-f1327-o5\" lang=\"hr\" dir=\"ltr\">\n<div class=\"screen-reader-response\"><p role=\"status\" aria-live=\"polite\" aria-atomic=\"true\"><\/p> <ul><\/ul><\/div>\n<form action=\"\/pl\/wp-json\/wp\/v2\/pages\/1173#wpcf7-f1327-o5\" method=\"post\" class=\"wpcf7-form init\" novalidate=\"novalidate\" data-status=\"init\">\n<div style=\"display: none;\">\n<input type=\"hidden\" name=\"_wpcf7\" value=\"1327\" \/>\n<input type=\"hidden\" name=\"_wpcf7_version\" value=\"5.4.1\" \/>\n<input type=\"hidden\" name=\"_wpcf7_locale\" value=\"hr\" \/>\n<input type=\"hidden\" name=\"_wpcf7_unit_tag\" value=\"wpcf7-f1327-o5\" \/>\n<input type=\"hidden\" name=\"_wpcf7_container_post\" value=\"0\" \/>\n<input type=\"hidden\" name=\"_wpcf7_posted_data_hash\" value=\"\" \/>\n<input type=\"hidden\" name=\"_wpcf7_recaptcha_response\" value=\"\" \/>\n<\/div>\n<div class=\"col-sm-6\" style=\"padding-left: 0;\"><label style=\"width: 100%;\"> Swoje imi\u0119<br \/>\n    <span class=\"wpcf7-form-control-wrap your-name\"><input type=\"text\" name=\"your-name\" value=\"\" size=\"40\" class=\"wpcf7-form-control wpcf7-text wpcf7-validates-as-required\" aria-required=\"true\" aria-invalid=\"false\" placeholder=\"Imi\u0119\" \/><\/span> <\/label><\/div>\n<div class=\"col-sm-6\" style=\"padding-left: 0;\"><label style=\"width: 100%;\"> E - mail<br \/>\n    <span class=\"wpcf7-form-control-wrap your-email\"><input type=\"email\" name=\"your-email\" value=\"\" size=\"40\" class=\"wpcf7-form-control wpcf7-text wpcf7-email wpcf7-validates-as-required wpcf7-validates-as-email\" aria-required=\"true\" aria-invalid=\"false\" placeholder=\"E - mail\" \/><\/span> <\/label><\/div>\n<div class=\"col-sm-6\" style=\"padding-left: 0;\"><label style=\"width: 100%;\"> Numer telefonu<br \/>\n    <span class=\"wpcf7-form-control-wrap tel-kontakt\"><input type=\"tel\" name=\"tel-kontakt-cf7it-national\" value=\"\" class=\"wpcf7-form-control wpcf7-intl-tel wpcf7-intl_tel wpcf7-validates-as-required\" aria-required=\"true\" aria-invalid=\"false\" placeholder=\"Numer telefonu\" \/><input type=\"hidden\" name=\"tel-kontakt\" class=\"wpcf7-intl-tel-full\" \/><input type=\"hidden\" name=\"tel-kontakt-cf7it-country-name\" class=\"wpcf7-intl-tel-country-name\" \/><input type=\"hidden\" name=\"tel-kontakt-cf7it-country-code\" class=\"wpcf7-intl-tel-country-code\" \/><input type=\"hidden\" name=\"tel-kontakt-cf7it-country-iso2\" class=\"wpcf7-intl-tel-country-iso2\" \/><\/span> <\/label><\/div>\n<div class=\"col-sm-6\" style=\"padding-left: 0;\"><label style=\"width: 100%;\"> Liczba pasa\u017cer\u00f3w<br \/>\n   <span class=\"wpcf7-form-control-wrap number-putnika\"><input type=\"number\" name=\"number-putnika\" value=\"\" class=\"wpcf7-form-control wpcf7-number wpcf7-validates-as-required wpcf7-validates-as-number\" min=\"1\" aria-required=\"true\" aria-invalid=\"false\" placeholder=\"Liczba pasa\u017cer\u00f3w (min 1)\" \/><\/span> <\/label><\/div>\n<div class=\"col-sm-12\" style=\"padding-left: 0;\"><label style=\"width: 100%;\"> Swoja wiadomo\u015b\u0107<br \/>\n    <span class=\"wpcf7-form-control-wrap your-message\"><textarea name=\"your-message\" cols=\"40\" rows=\"10\" class=\"wpcf7-form-control wpcf7-textarea wpcf7-validates-as-required\" aria-required=\"true\" aria-invalid=\"false\" placeholder=\"Kr\u00f3tko opisz tutaj, kt\u00f3re miejsca chcia\u0142by\u015b odwiedzi\u0107 i inne szczeg\u00f3\u0142y\"><\/textarea><\/span> <\/label><\/div>\n<p><input type=\"submit\" value=\"Wys\u0142a\u0107\" class=\"wpcf7-form-control wpcf7-submit\" \/><\/p>\n<div class=\"wpcf7-response-output\" aria-hidden=\"true\"><\/div><\/form><\/div>[\/vc_column_text][\/vc_column][\/vc_row]<\/p>","protected":false},"excerpt":{"rendered":"<p>[vc_row css_animation=&#8221;bottom-to-top&#8221;][vc_column][vc_column_text]<br \/>\nOrganizujemy indywidualne oferty dla naszych klient\u00f3w po Europie Po\u0142udniowo-Wschodniej. Dlaczego warto odwiedzi\u0107 t\u0119 tras\u0119? Przedstawimy Wam kilka pere\u0142ek, kt\u00f3re znajduj\u0105 si\u0119 w tej cz\u0119\u015bci Europy i kt\u00f3re warto <\/p>\n","protected":false},"author":2,"featured_media":0,"parent":0,"menu_order":0,"comment_status":"closed","ping_status":"closed","template":"","meta":[],"yoast_head":"<!-- This site is optimized with the Yoast SEO Premium plugin v15.9 - https:\/\/yoast.com\/wordpress\/plugins\/seo\/ -->\n<title>Paketi Tour de Europe Hrvatska, Srbija, BiH, Crna Gora - Medjugorje Royal<\/title>\n<meta name=\"description\" content=\"Na\u0161im klijentima dostupni su prilago\u0111eni paketi Tour de Europe. Posjetite Hrvatsku, Bosnu i Hercegovinu te ostale zemlje regije.\" \/>\n<meta name=\"robots\" content=\"index, follow, max-snippet:-1, max-image-preview:large, max-video-preview:-1\" \/>\n<link rel=\"canonical\" href=\"https:\/\/medjugorje-royal.ba\/paketi-tour-de-europe\/\" \/>\n<meta property=\"og:locale\" content=\"pl_PL\" \/>\n<meta property=\"og:type\" content=\"article\" \/>\n<meta property=\"og:title\" content=\"Paketi Tour de Europe Hrvatska, Srbija, BiH, Crna Gora - Medjugorje Royal\" \/>\n<meta property=\"og:description\" content=\"Na\u0161im klijentima dostupni su prilago\u0111eni paketi Tour de Europe. Posjetite Hrvatsku, Bosnu i Hercegovinu te ostale zemlje regije.\" \/>\n<meta property=\"og:url\" content=\"https:\/\/medjugorje-royal.ba\/paketi-tour-de-europe\/\" \/>\n<meta property=\"og:site_name\" content=\"Medjugorje Royal\" \/>\n<meta property=\"article:publisher\" content=\"https:\/\/www.facebook.com\/profile.php?id=100057577453706\" \/>\n<meta property=\"article:modified_time\" content=\"2021-06-23T07:05:56+00:00\" \/>\n<meta property=\"og:image\" content=\"https:\/\/medjugorje-royal.ba\/wp-content\/uploads\/2021\/06\/Royal-LOGO-RGB.png\" \/>\n\t<meta property=\"og:image:width\" content=\"190\" \/>\n\t<meta property=\"og:image:height\" content=\"110\" \/>\n<meta name=\"twitter:card\" content=\"summary_large_image\" \/>\n<meta name=\"twitter:label1\" content=\"Szacowany czas czytania\">\n\t<meta name=\"twitter:data1\" content=\"2 minuty\">\n<script type=\"application\/ld+json\" class=\"yoast-schema-graph\">{\"@context\":\"https:\/\/schema.org\",\"@graph\":[{\"@type\":\"Organization\",\"@id\":\"https:\/\/medjugorje-royal.ba\/#organization\",\"name\":\"Medjugorje Royal\",\"url\":\"https:\/\/medjugorje-royal.ba\/\",\"sameAs\":[\"https:\/\/www.facebook.com\/profile.php?id=100057577453706\",\"https:\/\/www.instagram.com\/pansionno1\/\"],\"logo\":{\"@type\":\"ImageObject\",\"@id\":\"https:\/\/medjugorje-royal.ba\/#logo\",\"inLanguage\":\"pl-PL\",\"url\":\"https:\/\/medjugorje-royal.ba\/wp-content\/uploads\/2021\/05\/Royal-LOGO-RGB.png\",\"width\":800,\"height\":463,\"caption\":\"Medjugorje Royal\"},\"image\":{\"@id\":\"https:\/\/medjugorje-royal.ba\/#logo\"}},{\"@type\":\"WebSite\",\"@id\":\"https:\/\/medjugorje-royal.ba\/#website\",\"url\":\"https:\/\/medjugorje-royal.ba\/\",\"name\":\"Medjugorje Royal\",\"description\":\"Travel Agency\",\"publisher\":{\"@id\":\"https:\/\/medjugorje-royal.ba\/#organization\"},\"potentialAction\":[{\"@type\":\"SearchAction\",\"target\":\"https:\/\/medjugorje-royal.ba\/?s={search_term_string}\",\"query-input\":\"required name=search_term_string\"}],\"inLanguage\":\"pl-PL\"},{\"@type\":\"WebPage\",\"@id\":\"https:\/\/medjugorje-royal.ba\/paketi-tour-de-europe\/#webpage\",\"url\":\"https:\/\/medjugorje-royal.ba\/paketi-tour-de-europe\/\",\"name\":\"Paketi Tour de Europe Hrvatska, Srbija, BiH, Crna Gora - Medjugorje Royal\",\"isPartOf\":{\"@id\":\"https:\/\/medjugorje-royal.ba\/#website\"},\"datePublished\":\"2021-05-12T14:11:19+00:00\",\"dateModified\":\"2021-06-23T07:05:56+00:00\",\"description\":\"Na\\u0161im klijentima dostupni su prilago\\u0111eni paketi Tour de Europe. Posjetite Hrvatsku, Bosnu i Hercegovinu te ostale zemlje regije.\",\"breadcrumb\":{\"@id\":\"https:\/\/medjugorje-royal.ba\/paketi-tour-de-europe\/#breadcrumb\"},\"inLanguage\":\"pl-PL\",\"potentialAction\":[{\"@type\":\"ReadAction\",\"target\":[\"https:\/\/medjugorje-royal.ba\/paketi-tour-de-europe\/\"]}]},{\"@type\":\"BreadcrumbList\",\"@id\":\"https:\/\/medjugorje-royal.ba\/paketi-tour-de-europe\/#breadcrumb\",\"itemListElement\":[{\"@type\":\"ListItem\",\"position\":1,\"item\":{\"@type\":\"WebPage\",\"@id\":\"https:\/\/medjugorje-royal.ba\/\",\"url\":\"https:\/\/medjugorje-royal.ba\/\",\"name\":\"Home\"}},{\"@type\":\"ListItem\",\"position\":2,\"item\":{\"@type\":\"WebPage\",\"@id\":\"https:\/\/medjugorje-royal.ba\/paketi-tour-de-europe\/\",\"url\":\"https:\/\/medjugorje-royal.ba\/paketi-tour-de-europe\/\",\"name\":\"Paketi Tour de Europe\"}}]}]}<\/script>\n<!-- \/ Yoast SEO Premium plugin. -->","_links":{"self":[{"href":"https:\/\/medjugorje-royal.ba\/pl\/wp-json\/wp\/v2\/pages\/1173"}],"collection":[{"href":"https:\/\/medjugorje-royal.ba\/pl\/wp-json\/wp\/v2\/pages"}],"about":[{"href":"https:\/\/medjugorje-royal.ba\/pl\/wp-json\/wp\/v2\/types\/page"}],"author":[{"embeddable":true,"href":"https:\/\/medjugorje-royal.ba\/pl\/wp-json\/wp\/v2\/users\/2"}],"replies":[{"embeddable":true,"href":"https:\/\/medjugorje-royal.ba\/pl\/wp-json\/wp\/v2\/comments?post=1173"}],"version-history":[{"count":25,"href":"https:\/\/medjugorje-royal.ba\/pl\/wp-json\/wp\/v2\/pages\/1173\/revisions"}],"predecessor-version":[{"id":1927,"href":"https:\/\/medjugorje-royal.ba\/pl\/wp-json\/wp\/v2\/pages\/1173\/revisions\/1927"}],"wp:attachment":[{"href":"https:\/\/medjugorje-royal.ba\/pl\/wp-json\/wp\/v2\/media?parent=1173"}],"curies":[{"name":"wp","href":"https:\/\/api.w.org\/{rel}","templated":true}]}}