{"id":379,"date":"2017-01-23T02:21:31","date_gmt":"2017-01-23T02:21:31","guid":{"rendered":"http:\/\/travelwp.physcode.com\/?page_id=379"},"modified":"2021-06-23T09:40:44","modified_gmt":"2021-06-23T07:40:44","slug":"o-agencija","status":"publish","type":"page","link":"https:\/\/medjugorje-royal.ba\/it\/o-agencija\/","title":{"rendered":"Chi siamo"},"content":{"rendered":"<p>[vc_row css_animation=&#8221;bottom-to-top&#8221;][vc_column][vc_single_image image=&#8221;919&#8243; img_size=&#8221;medium&#8221; alignment=&#8221;center&#8221;][vc_custom_heading text=&#8221;Perch\u00e9 scegliere l&#8217;Agenzia Medjugorje Royal Travel?&#8221; css=&#8221;.vc_custom_1622626295937{margin-bottom: 30px !important;}&#8221;][vc_column_text]<\/p>\n<p class=\"justify-paragraf\">L\u2019Agenzia si trova nel cuore di Medjugorje, di fronte alla chiesa di S. Giacomo e dal 2009 offre a tutti coloro che vengono in pellegrinaggio a Medjugorje un\u2019organizzazione completa del loro viaggio affinch\u00e9 possano apprezzare a pieno la loro esperienza spirituale. Il personale dell\u2019Agenzia, che parla perfettamente italiano e da sempre svolgere il suo lavoro con la massima professionalit\u00e0, \u00e8 a completa disposizione dei pellegrini ed \u00e8 in grado di soddisfare al meglio ogni loro esigenza.<\/p>\n<p>[\/vc_column_text][\/vc_column][\/vc_row][vc_row][vc_column width=&#8221;1\/2&#8243;][vc_single_image image=&#8221;1272&#8243; img_size=&#8221;1200&#215;800&#8243; alignment=&#8221;center&#8221; css_animation=&#8221;fadeInUp&#8221;][\/vc_column][vc_column width=&#8221;1\/2&#8243;][vc_single_image image=&#8221;1267&#8243; img_size=&#8221;1200&#215;800&#8243; alignment=&#8221;center&#8221; css_animation=&#8221;fadeInUp&#8221;][\/vc_column][\/vc_row][vc_row css=&#8221;.vc_custom_1620894404616{margin-top: 50px !important;}&#8221;][vc_column][vc_custom_heading text=&#8221;Ecco i servizi che l\u2019Agenzia mette a disposizione&#8221; css_animation=&#8221;fadeInUp&#8221; css=&#8221;.vc_custom_1622626291571{margin-bottom: 30px !important;}&#8221;][vc_row_inner][vc_column_inner width=&#8221;1\/2&#8243;][vc_column_text css_animation=&#8221;fadeInUp&#8221;]<\/p>\n<ul>\n<li class=\"justify-paragraf\">Prenotazione di alloggio nel centro di Medjugorje<\/li>\n<li class=\"justify-paragraf\">Organizzazione di servizi turistici (pacchetti turistici personalizzati per gruppi e individuali)<\/li>\n<li class=\"justify-paragraf\">Assistenza continua e supporto da parte del personale dell\u2019Agenzia<\/li>\n<\/ul>\n<p>[\/vc_column_text][\/vc_column_inner][vc_column_inner width=&#8221;1\/2&#8243;][vc_column_text css_animation=&#8221;fadeInUp&#8221;]<\/p>\n<ul>\n<li class=\"justify-paragraf\">Trasferimenti individuali da\/per aeroporto, trasferimenti locali, prenotazione dei mezzi di trasporto (autobus, biglietti nave, voli charter)<\/li>\n<li class=\"justify-paragraf\">Organizzazione del pellegrinaggio attraverso l\u2019acquisizione di visti turistici, guide turistiche certificate, visite ai luoghi di preghiera pi\u00f9 importanti di Medjugorje, viaggi in Erzegovina e Croazia<\/li>\n<\/ul>\n<p>[\/vc_column_text][\/vc_column_inner][\/vc_row_inner][\/vc_column][\/vc_row][vc_row css_animation=&#8221;fadeInUp&#8221;][vc_column width=&#8221;1\/3&#8243;][vc_single_image image=&#8221;1415&#8243; img_size=&#8221;600&#215;400&#8243;][\/vc_column][vc_column width=&#8221;1\/3&#8243;][vc_single_image image=&#8221;1395&#8243; img_size=&#8221;600&#215;400&#8243;][\/vc_column][vc_column width=&#8221;1\/3&#8243;][vc_single_image image=&#8221;1238&#8243; img_size=&#8221;600&#215;400&#8243;][\/vc_column][\/vc_row][vc_row css_animation=&#8221;fadeInUp&#8221;][vc_column][vc_column_text]<\/p>\n<p class=\"justify-paragraf\">La aspettiamo nella sede della nostra Agenzia per organizzare al meglio il suo pellegrinaggio a Medjugorje: il nostro ufficio \u00e8 a Sua completa disposizione!<\/p>\n<p>[\/vc_column_text][vc_column_text]<\/p>\n<p class=\"justify-paragraf\">La nostra agenzia \u00e8 membro del Tourist Cluster of Herzegovina, membro di UTHIS (Association of Tourism, Hospitality and Room Rental) e il direttore dell&#8217;agenzia \u00e8 anche membro del consiglio di UTHIS. L&#8217;agenzia Royal Medjugorje partecipa regolarmente alle pi\u00f9 importanti fiere turistiche BIT Fiera Milano e FITUR di Madrid.<\/p>\n<p>[\/vc_column_text][vc_row_inner][vc_column_inner width=&#8221;1\/2&#8243;][vc_single_image image=&#8221;1434&#8243; img_size=&#8221;300&#215;200&#8243; alignment=&#8221;center&#8221;][\/vc_column_inner][vc_column_inner width=&#8221;1\/2&#8243;][vc_single_image image=&#8221;1435&#8243; img_size=&#8221;300&#215;200&#8243; alignment=&#8221;center&#8221;][\/vc_column_inner][\/vc_row_inner][\/vc_column][\/vc_row]<\/p>","protected":false},"excerpt":{"rendered":"<p>[vc_row css_animation=&#8221;bottom-to-top&#8221;][vc_column][vc_single_image image=&#8221;919&#8243; img_size=&#8221;medium&#8221; alignment=&#8221;center&#8221;][vc_custom_heading text=&#8221;Perch\u00e9 scegliere l&#8217;Agenzia Medjugorje Royal Travel?&#8221; css=&#8221;.vc_custom_1622626295937{margin-bottom: 30px !important;}&#8221;][vc_column_text]<br \/>\nL\u2019Agenzia si trova nel cuore di Medjugorje, di fronte alla chiesa di S. Giacomo e dal <\/p>\n","protected":false},"author":1,"featured_media":0,"parent":0,"menu_order":0,"comment_status":"closed","ping_status":"closed","template":"","meta":[],"yoast_head":"<!-- This site is optimized with the Yoast SEO Premium plugin v15.9 - https:\/\/yoast.com\/wordpress\/plugins\/seo\/ -->\n<title>Medjugorje Royal - Agencija za prijevoz i smje\u0161taj putnika te izlete<\/title>\n<meta name=\"description\" content=\"Smje\u0161teni u samom srcu Me\u0111ugorja, preko puta crkve sv. Jakova. Izaberite upravo na\u0161u agenciju za organizaciju svog putovanja ili smje\u0161taja.\" \/>\n<meta name=\"robots\" content=\"index, follow, max-snippet:-1, max-image-preview:large, max-video-preview:-1\" \/>\n<link rel=\"canonical\" href=\"https:\/\/medjugorje-royal.ba\/o-agencija\/\" \/>\n<meta property=\"og:locale\" content=\"it_IT\" \/>\n<meta property=\"og:type\" content=\"article\" \/>\n<meta property=\"og:title\" content=\"Medjugorje Royal - Agencija za prijevoz i smje\u0161taj putnika te izlete\" \/>\n<meta property=\"og:description\" content=\"Smje\u0161teni u samom srcu Me\u0111ugorja, preko puta crkve sv. Jakova. Izaberite upravo na\u0161u agenciju za organizaciju svog putovanja ili smje\u0161taja.\" \/>\n<meta property=\"og:url\" content=\"https:\/\/medjugorje-royal.ba\/o-agencija\/\" \/>\n<meta property=\"og:site_name\" content=\"Medjugorje Royal\" \/>\n<meta property=\"article:publisher\" content=\"https:\/\/www.facebook.com\/profile.php?id=100057577453706\" \/>\n<meta property=\"article:modified_time\" content=\"2021-06-23T07:40:44+00:00\" \/>\n<meta property=\"og:image\" content=\"https:\/\/medjugorje-royal.ba\/wp-content\/uploads\/2021\/06\/Royal-LOGO-RGB.png\" \/>\n\t<meta property=\"og:image:width\" content=\"190\" \/>\n\t<meta property=\"og:image:height\" content=\"110\" \/>\n<meta name=\"twitter:card\" content=\"summary_large_image\" \/>\n<meta name=\"twitter:label1\" content=\"Tempo di lettura stimato\">\n\t<meta name=\"twitter:data1\" content=\"2 minuti\">\n<script type=\"application\/ld+json\" class=\"yoast-schema-graph\">{\"@context\":\"https:\/\/schema.org\",\"@graph\":[{\"@type\":\"Organization\",\"@id\":\"https:\/\/medjugorje-royal.ba\/#organization\",\"name\":\"Medjugorje Royal\",\"url\":\"https:\/\/medjugorje-royal.ba\/\",\"sameAs\":[\"https:\/\/www.facebook.com\/profile.php?id=100057577453706\",\"https:\/\/www.instagram.com\/pansionno1\/\"],\"logo\":{\"@type\":\"ImageObject\",\"@id\":\"https:\/\/medjugorje-royal.ba\/#logo\",\"inLanguage\":\"it-IT\",\"url\":\"https:\/\/medjugorje-royal.ba\/wp-content\/uploads\/2021\/05\/Royal-LOGO-RGB.png\",\"width\":800,\"height\":463,\"caption\":\"Medjugorje Royal\"},\"image\":{\"@id\":\"https:\/\/medjugorje-royal.ba\/#logo\"}},{\"@type\":\"WebSite\",\"@id\":\"https:\/\/medjugorje-royal.ba\/#website\",\"url\":\"https:\/\/medjugorje-royal.ba\/\",\"name\":\"Medjugorje Royal\",\"description\":\"Travel Agency\",\"publisher\":{\"@id\":\"https:\/\/medjugorje-royal.ba\/#organization\"},\"potentialAction\":[{\"@type\":\"SearchAction\",\"target\":\"https:\/\/medjugorje-royal.ba\/?s={search_term_string}\",\"query-input\":\"required name=search_term_string\"}],\"inLanguage\":\"it-IT\"},{\"@type\":\"WebPage\",\"@id\":\"https:\/\/medjugorje-royal.ba\/o-agencija\/#webpage\",\"url\":\"https:\/\/medjugorje-royal.ba\/o-agencija\/\",\"name\":\"Medjugorje Royal - Agencija za prijevoz i smje\\u0161taj putnika te izlete\",\"isPartOf\":{\"@id\":\"https:\/\/medjugorje-royal.ba\/#website\"},\"datePublished\":\"2017-01-23T02:21:31+00:00\",\"dateModified\":\"2021-06-23T07:40:44+00:00\",\"description\":\"Smje\\u0161teni u samom srcu Me\\u0111ugorja, preko puta crkve sv. Jakova. Izaberite upravo na\\u0161u agenciju za organizaciju svog putovanja ili smje\\u0161taja.\",\"breadcrumb\":{\"@id\":\"https:\/\/medjugorje-royal.ba\/o-agencija\/#breadcrumb\"},\"inLanguage\":\"it-IT\",\"potentialAction\":[{\"@type\":\"ReadAction\",\"target\":[\"https:\/\/medjugorje-royal.ba\/o-agencija\/\"]}]},{\"@type\":\"BreadcrumbList\",\"@id\":\"https:\/\/medjugorje-royal.ba\/o-agencija\/#breadcrumb\",\"itemListElement\":[{\"@type\":\"ListItem\",\"position\":1,\"item\":{\"@type\":\"WebPage\",\"@id\":\"https:\/\/medjugorje-royal.ba\/\",\"url\":\"https:\/\/medjugorje-royal.ba\/\",\"name\":\"Home\"}},{\"@type\":\"ListItem\",\"position\":2,\"item\":{\"@type\":\"WebPage\",\"@id\":\"https:\/\/medjugorje-royal.ba\/o-agencija\/\",\"url\":\"https:\/\/medjugorje-royal.ba\/o-agencija\/\",\"name\":\"O nama\"}}]}]}<\/script>\n<!-- \/ Yoast SEO Premium plugin. -->","_links":{"self":[{"href":"https:\/\/medjugorje-royal.ba\/it\/wp-json\/wp\/v2\/pages\/379"}],"collection":[{"href":"https:\/\/medjugorje-royal.ba\/it\/wp-json\/wp\/v2\/pages"}],"about":[{"href":"https:\/\/medjugorje-royal.ba\/it\/wp-json\/wp\/v2\/types\/page"}],"author":[{"embeddable":true,"href":"https:\/\/medjugorje-royal.ba\/it\/wp-json\/wp\/v2\/users\/1"}],"replies":[{"embeddable":true,"href":"https:\/\/medjugorje-royal.ba\/it\/wp-json\/wp\/v2\/comments?post=379"}],"version-history":[{"count":42,"href":"https:\/\/medjugorje-royal.ba\/it\/wp-json\/wp\/v2\/pages\/379\/revisions"}],"predecessor-version":[{"id":2100,"href":"https:\/\/medjugorje-royal.ba\/it\/wp-json\/wp\/v2\/pages\/379\/revisions\/2100"}],"wp:attachment":[{"href":"https:\/\/medjugorje-royal.ba\/it\/wp-json\/wp\/v2\/media?parent=379"}],"curies":[{"name":"wp","href":"https:\/\/api.w.org\/{rel}","templated":true}]}}