{"id":1154,"date":"2021-05-12T15:08:32","date_gmt":"2021-05-12T13:08:32","guid":{"rendered":"https:\/\/medjugorje-royal.ba\/?page_id=1154"},"modified":"2023-01-17T14:36:13","modified_gmt":"2023-01-17T13:36:13","slug":"paketi","status":"publish","type":"page","link":"https:\/\/medjugorje-royal.ba\/it\/paketi\/","title":{"rendered":"Pacchi"},"content":{"rendered":"<p><\/p>\n<p>[vc_row css_animation=&#8221;fadeInUp&#8221;][vc_column][vc_column_text]<\/p>\n<p class=\"justify-paragraf\">Organizziamo viaggi in tutte le localit\u00e0 dell&#8217;Erzegovina e nei paesi della regione. Puoi vedere alcune delle posizioni suggerite di seguito.<\/p>\n<p>[\/vc_column_text][\/vc_column][\/vc_row][vc_row equal_height=&#8221;yes&#8221; css_animation=&#8221;fadeInUp&#8221; css=&#8221;.vc_custom_1622533166998{margin-top: 30px !important;}&#8221;][vc_column][vc_row_inner equal_height=&#8221;yes&#8221;][vc_column_inner el_class=&#8221;full_height-container_wrapper&#8221; width=&#8221;1\/2&#8243;][vc_custom_heading text=&#8221;Escursioni a Ercegovina&#8221; font_container=&#8221;tag:h2|font_size:32|text_align:left&#8221; css_animation=&#8221;none&#8221; css=&#8221;.vc_custom_1623844595567{margin-top: 5px !important;margin-bottom: 30px !important;}&#8221;][vc_single_image image=&#8221;1216&#8243; img_size=&#8221;900&#215;600&#8243; alignment=&#8221;center&#8221; onclick=&#8221;custom_link&#8221; css_animation=&#8221;none&#8221; link=&#8221;\/izleti-hercegovina&#8221;][vc_column_text css_animation=&#8221;none&#8221;]<\/p>\n<p class=\"justify-paragraf\">Organizziamo viaggi in Erzegovina per tutti gli ospiti. Forniamo trasporto adeguato, guida turistica e pranzi al sacco. I prezzi variano a seconda del numero di passeggeri, del tipo di trasporto desiderato e dei pacchetti turistici, e li organizziamo individualmente, su richiesta.<\/p>\n<p>[\/vc_column_text][vc_btn title=&#8221;Scopri ancora&#8221; shape=&#8221;square&#8221; align=&#8221;right&#8221; el_class=&#8221;absolute-button-big button-auto_margin&#8221; link=&#8221;url:%2Fizleti-hercegovina&#8221;][\/vc_column_inner][vc_column_inner el_class=&#8221;full_height-container_wrapper&#8221; width=&#8221;1\/2&#8243;][vc_custom_heading text=&#8221;Pacchetti Tour d&#8217;Europa&#8221; font_container=&#8221;tag:h2|font_size:32|text_align:left&#8221; css_animation=&#8221;none&#8221; css=&#8221;.vc_custom_1623844601168{margin-top: 5px !important;margin-bottom: 30px !important;}&#8221;][vc_single_image image=&#8221;1236&#8243; img_size=&#8221;900&#215;600&#8243; alignment=&#8221;center&#8221; onclick=&#8221;custom_link&#8221; css_animation=&#8221;none&#8221; link=&#8221;\/paketi-tour-de-europe&#8221;][vc_column_text css_animation=&#8221;none&#8221;]<\/p>\n<p class=\"justify-paragraf\">Per i nostri clienti organizziamo servizi turistici personalizzati nel sud-est Europa. Perch\u00e9 scegliere il nostro servizio? Ebbene, vi sveleremo alcune perle che si trovano in questa parte d&#8217;Europa e che vale veramente la pena visitare! Oltre alle citt\u00e0 indicate di seguito, organizziamo tour in molte altre citt\u00e0 e paesi della regione: Zara, Sarajevo, Montenegro&#8230;<\/p>\n<p>[\/vc_column_text][vc_btn title=&#8221;Scopri ancora&#8221; shape=&#8221;square&#8221; align=&#8221;right&#8221; el_class=&#8221;absolute-button-big button-auto_margin&#8221; link=&#8221;url:%2Fpaketi-tour-de-europe&#8221;][\/vc_column_inner][\/vc_row_inner][\/vc_column][\/vc_row][vc_row equal_height=&#8221;yes&#8221; css_animation=&#8221;fadeInUp&#8221; css=&#8221;.vc_custom_1673960733522{margin-top: 30px !important;}&#8221; el_class=&#8221;ture&#8221;][vc_column]<div class=\"pages_content\"><h4>Tour - escursioni<\/h4><div class=\"contact_infor\"><ul><li><label><i class=\"fa fa-plane\"><\/i>Dubrovnik\/Split - Medjugorje<\/label><div class=\"des\"><a class=\"wplightbox\" href=\"https:\/\/medjugorje-royal.ba\/wp-content\/uploads\/2023\/01\/Program-na-hrvatskom-HNZ-new.pdf\">Vedi i dettagli<\/a><\/div><\/li><li><label><i class=\"fa fa-plane\"><\/i>Medjugorje\/Mostar \u2013 Jablanica \u2013 Mostar\/Medjugorje<\/label><div class=\"des\"><a class=\"wplightbox\" href=\"https:\/\/medjugorje-royal.ba\/wp-content\/uploads\/2023\/01\/15.pdf\">Vedi i dettagli<\/a><\/div><\/li><li><label><i class=\"fa fa-plane\"><\/i>Medjugorje \u2013 Citluk - Zitomislici - Mostar<\/label><div class=\"des\"><a class=\"wplightbox\" href=\"https:\/\/medjugorje-royal.ba\/wp-content\/uploads\/2023\/01\/16.pdf\">Vedi i dettagli<\/a><\/div><\/li><\/ul><\/div><\/div>[vc_empty_space][\/vc_column][\/vc_row][vc_row css_animation=&#8221;fadeInUp&#8221;][vc_column][vc_custom_heading text=&#8221;Ecco una proposta di pacchetto turistico personalizzato&#8221; css=&#8221;.vc_custom_1622626593108{margin-bottom: 30px !important;}&#8221;][vc_column_text]<\/p>\n<p class=\"justify-paragraf\"><strong>Belgrado \u2013 Medjugorje \u2013 Dubrovnik \u2013 Spalato \u2013 Laghi di Plitvice \u2013 Zagabria:<\/strong><\/p>\n<p>[\/vc_column_text][vc_single_image image=&#8221;1968&#8243; img_size=&#8221;full&#8221; alignment=&#8221;center&#8221; el_class=&#8221;image-stretch&#8221;][vc_column_text css_animation=&#8221;none&#8221;]<\/p>\n<p class=\"justify-paragraf\"><strong>1. Giorno.<\/strong> Arrivo a Belgrado. Trasferimento dall&#8217;aeroporto all\u2019hotel categoria 3* o 4*. Cena e pernottamento in hotel.<\/p>\n<p class=\"justify-paragraf\"><strong>2. Giorno.<\/strong> Visita panoramica di Belgrado con guida turistica professionista. Pranzo (o, in alternativa, pranzi al sacco) e trasporto via Medjugorje. Cena e pernottamento nella Pensione NO1 a Medjugorje.<\/p>\n<p class=\"justify-paragraf\"><strong>3. Giorno.<\/strong> Soggiorno in Medjugorje. Celebrazione della messa nella cappella. Colazione e partenza per Podbrdo. Pranzo nella Pensione NO1. Escursione a Tihaljina e \u0160iroki Brijeg. Cena e pernottamento nella Pensione NO1.<\/p>\n<p class=\"justify-paragraf\"><strong>4. Giorno.<\/strong> Celebrazione della messa nella cappella. Colazione nella Pensione NO1. Escursione a Dubrovnik. Visita di Dubrovnik con guida turistica professionista. Pranzo in ristorante e tempo libero per visitare la citt\u00e0. Cena e pernottamento nella Pensione NO1 a Medjugorje.<\/p>\n<p class=\"justify-paragraf\"><strong>5. Giorno.<\/strong> Celebrazione della messa nella cappella. Colazione. Partenza per Kri\u017eevac. Pranzo nella Pensione NO1. Visita alla Comunit\u00e0 Cenacolo accompagnati da una guida turistica professionista. Cena e pernottamento.<\/p>\n<p class=\"justify-paragraf\"><strong>6. Giorno.<\/strong> Celebrazione della messa nella cappella. Colazione e partenza per Spalato. Visita della citt\u00e0 con guida turistica professionista. Pranzo in ristorante e tempo libero. Pernottamento in hotel categoria 4*. Cena e pernottamento.<\/p>\n<p class=\"justify-paragraf\"><strong>7. Giorno.<\/strong> Colazione in hotel a Spalato. Partenza per il Parco nazionale dei laghi di Plitvice. Check-in e pranzo in hotel di categoria 3* o 4* nel Parco di Plitvice. Giro del lago con guida turistica professionista. Cena e pernottamento in hotel.<\/p>\n<p class=\"justify-paragraf\"><strong>8. Giorno.<\/strong> Celebrazione della messa nella sala conferenze dell&#8217;hotel. Colazione in hotel e check-out. Arrivo a Zagabria. Visita della citt\u00e0 con guida turistica professionista. Pranzo in ristorante. Check-in in hotel di categoria 4*. Cena e pernottamento.<\/p>\n<p class=\"justify-paragraf\"><strong>9. Giorno.<\/strong> Celebrazione della messa nella sala conferenze accanto all&#8217;hotel. Colazione in hotel. Partenza per l&#8217;aeroporto.<\/p>\n<p>[\/vc_column_text][\/vc_column][\/vc_row][vc_row css_animation=&#8221;fadeInUp&#8221;][vc_column][vc_custom_heading text=&#8221;Prenotazione del viaggio&#8221; css=&#8221;.vc_custom_1622626587130{margin-bottom: 30px !important;}&#8221;][vc_column_text css_animation=&#8221;none&#8221;]<\/p>\n<p class=\"justify-paragraf\">Compila il modulo sottostante e inviare una richiesta per ottenere maggiori dettagli e il prezzo del viaggio<\/p>\n<div role=\"form\" class=\"wpcf7\" id=\"wpcf7-f1325-o4\" lang=\"hr\" dir=\"ltr\">\n<div class=\"screen-reader-response\"><p role=\"status\" aria-live=\"polite\" aria-atomic=\"true\"><\/p> <ul><\/ul><\/div>\n<form action=\"\/it\/wp-json\/wp\/v2\/pages\/1154#wpcf7-f1325-o4\" method=\"post\" class=\"wpcf7-form init\" novalidate=\"novalidate\" data-status=\"init\">\n<div style=\"display: none;\">\n<input type=\"hidden\" name=\"_wpcf7\" value=\"1325\" \/>\n<input type=\"hidden\" name=\"_wpcf7_version\" value=\"5.4.1\" \/>\n<input type=\"hidden\" name=\"_wpcf7_locale\" value=\"hr\" \/>\n<input type=\"hidden\" name=\"_wpcf7_unit_tag\" value=\"wpcf7-f1325-o4\" \/>\n<input type=\"hidden\" name=\"_wpcf7_container_post\" value=\"0\" \/>\n<input type=\"hidden\" name=\"_wpcf7_posted_data_hash\" value=\"\" \/>\n<input type=\"hidden\" name=\"_wpcf7_recaptcha_response\" value=\"\" \/>\n<\/div>\n<div class=\"col-sm-6\" style=\"padding-left: 0;\"><label style=\"width: 100%;\"> Vostro nome<br \/>\n    <span class=\"wpcf7-form-control-wrap your-name\"><input type=\"text\" name=\"your-name\" value=\"\" size=\"40\" class=\"wpcf7-form-control wpcf7-text wpcf7-validates-as-required\" aria-required=\"true\" aria-invalid=\"false\" placeholder=\"Nome\" \/><\/span> <\/label><\/div>\n<div class=\"col-sm-6\" style=\"padding-left: 0;\"><label style=\"width: 100%;\"> E - mail<br \/>\n    <span class=\"wpcf7-form-control-wrap your-email\"><input type=\"email\" name=\"your-email\" value=\"\" size=\"40\" class=\"wpcf7-form-control wpcf7-text wpcf7-email wpcf7-validates-as-required wpcf7-validates-as-email\" aria-required=\"true\" aria-invalid=\"false\" placeholder=\"E - mail\" \/><\/span> <\/label><\/div>\n<div class=\"col-sm-6\" style=\"padding-left: 0;\"><label style=\"width: 100%;\"> Numero di telefono<br \/>\n    <span class=\"wpcf7-form-control-wrap tel-kontakt\"><input type=\"tel\" name=\"tel-kontakt-cf7it-national\" value=\"\" class=\"wpcf7-form-control wpcf7-intl-tel wpcf7-intl_tel wpcf7-validates-as-required\" aria-required=\"true\" aria-invalid=\"false\" placeholder=\"Numero di telefono\" \/><input type=\"hidden\" name=\"tel-kontakt\" class=\"wpcf7-intl-tel-full\" \/><input type=\"hidden\" name=\"tel-kontakt-cf7it-country-name\" class=\"wpcf7-intl-tel-country-name\" \/><input type=\"hidden\" name=\"tel-kontakt-cf7it-country-code\" class=\"wpcf7-intl-tel-country-code\" \/><input type=\"hidden\" name=\"tel-kontakt-cf7it-country-iso2\" class=\"wpcf7-intl-tel-country-iso2\" \/><\/span> <\/label><\/div>\n<div class=\"col-sm-6\" style=\"padding-left: 0;\"><label style=\"width: 100%;\"> Numero di passeggeri<br \/>\n   <span class=\"wpcf7-form-control-wrap number-putnika\"><input type=\"number\" name=\"number-putnika\" value=\"\" class=\"wpcf7-form-control wpcf7-number wpcf7-validates-as-required wpcf7-validates-as-number\" min=\"1\" aria-required=\"true\" aria-invalid=\"false\" placeholder=\"Numero di passeggeri (min 1)\" \/><\/span> <\/label><\/div>\n<div class=\"col-sm-12\" style=\"padding-left: 0;\"><label style=\"width: 100%;\"> Il vostro messaggio<br \/>\n    <span class=\"wpcf7-form-control-wrap your-message\"><textarea name=\"your-message\" cols=\"40\" rows=\"10\" class=\"wpcf7-form-control wpcf7-textarea wpcf7-validates-as-required\" aria-required=\"true\" aria-invalid=\"false\" placeholder=\"Descrivi brevemente qui quali luoghi vorresti visitare e altri dettagli\"><\/textarea><\/span> <\/label><\/div>\n<p><input type=\"submit\" value=\"Spedire\" class=\"wpcf7-form-control wpcf7-submit\" \/><\/p>\n<div class=\"wpcf7-response-output\" aria-hidden=\"true\"><\/div><\/form><\/div>[\/vc_column_text][\/vc_column][\/vc_row]<\/p>\n<p><\/p>","protected":false},"excerpt":{"rendered":"<p>\n[vc_row css_animation=&#8221;fadeInUp&#8221;][vc_column][vc_column_text]<br \/>\nOrganizziamo viaggi in tutte le localit\u00e0 dell&#8217;Erzegovina e nei paesi della regione. Puoi vedere alcune delle posizioni suggerite di seguito.<br \/>\n[\/vc_column_text][\/vc_column][\/vc_row][vc_row equal_height=&#8221;yes&#8221; css_animation=&#8221;fadeInUp&#8221; css=&#8221;.vc_custom_1622533166998{margin-top: 30px !important;}&#8221;][vc_column][vc_row_inner equal_height=&#8221;yes&#8221;][vc_column_inner <\/p>\n","protected":false},"author":2,"featured_media":0,"parent":0,"menu_order":0,"comment_status":"closed","ping_status":"closed","template":"","meta":[],"yoast_head":"<!-- This site is optimized with the Yoast SEO Premium plugin v15.9 - https:\/\/yoast.com\/wordpress\/plugins\/seo\/ -->\n<title>Turisti\u010dki paketi, organizirana putovanja - Medjugorje Royal<\/title>\n<meta name=\"description\" content=\"Organizirani izletni paketi na sve lokacije u Hercegovini te u dr\u017eavama u regiji. Neke od predlo\u017eenih lokacija mo\u017eete pogledati ispod.\" \/>\n<meta name=\"robots\" content=\"index, follow, max-snippet:-1, max-image-preview:large, max-video-preview:-1\" \/>\n<link rel=\"canonical\" href=\"https:\/\/medjugorje-royal.ba\/paketi\/\" \/>\n<meta property=\"og:locale\" content=\"it_IT\" \/>\n<meta property=\"og:type\" content=\"article\" \/>\n<meta property=\"og:title\" content=\"Turisti\u010dki paketi, organizirana putovanja - Medjugorje Royal\" \/>\n<meta property=\"og:description\" content=\"Organizirani izletni paketi na sve lokacije u Hercegovini te u dr\u017eavama u regiji. Neke od predlo\u017eenih lokacija mo\u017eete pogledati ispod.\" \/>\n<meta property=\"og:url\" content=\"https:\/\/medjugorje-royal.ba\/paketi\/\" \/>\n<meta property=\"og:site_name\" content=\"Medjugorje Royal\" \/>\n<meta property=\"article:publisher\" content=\"https:\/\/www.facebook.com\/profile.php?id=100057577453706\" \/>\n<meta property=\"article:modified_time\" content=\"2023-01-17T13:36:13+00:00\" \/>\n<meta property=\"og:image\" content=\"https:\/\/medjugorje-royal.ba\/wp-content\/uploads\/2021\/06\/Royal-LOGO-RGB.png\" \/>\n\t<meta property=\"og:image:width\" content=\"190\" \/>\n\t<meta property=\"og:image:height\" content=\"110\" \/>\n<meta name=\"twitter:card\" content=\"summary_large_image\" \/>\n<meta name=\"twitter:label1\" content=\"Tempo di lettura stimato\">\n\t<meta name=\"twitter:data1\" content=\"3 minuti\">\n<script type=\"application\/ld+json\" class=\"yoast-schema-graph\">{\"@context\":\"https:\/\/schema.org\",\"@graph\":[{\"@type\":\"Organization\",\"@id\":\"https:\/\/medjugorje-royal.ba\/#organization\",\"name\":\"Medjugorje Royal\",\"url\":\"https:\/\/medjugorje-royal.ba\/\",\"sameAs\":[\"https:\/\/www.facebook.com\/profile.php?id=100057577453706\",\"https:\/\/www.instagram.com\/pansionno1\/\"],\"logo\":{\"@type\":\"ImageObject\",\"@id\":\"https:\/\/medjugorje-royal.ba\/#logo\",\"inLanguage\":\"it-IT\",\"url\":\"https:\/\/medjugorje-royal.ba\/wp-content\/uploads\/2021\/05\/Royal-LOGO-RGB.png\",\"width\":800,\"height\":463,\"caption\":\"Medjugorje Royal\"},\"image\":{\"@id\":\"https:\/\/medjugorje-royal.ba\/#logo\"}},{\"@type\":\"WebSite\",\"@id\":\"https:\/\/medjugorje-royal.ba\/#website\",\"url\":\"https:\/\/medjugorje-royal.ba\/\",\"name\":\"Medjugorje Royal\",\"description\":\"Travel Agency\",\"publisher\":{\"@id\":\"https:\/\/medjugorje-royal.ba\/#organization\"},\"potentialAction\":[{\"@type\":\"SearchAction\",\"target\":\"https:\/\/medjugorje-royal.ba\/?s={search_term_string}\",\"query-input\":\"required name=search_term_string\"}],\"inLanguage\":\"it-IT\"},{\"@type\":\"WebPage\",\"@id\":\"https:\/\/medjugorje-royal.ba\/paketi\/#webpage\",\"url\":\"https:\/\/medjugorje-royal.ba\/paketi\/\",\"name\":\"Turisti\\u010dki paketi, organizirana putovanja - Medjugorje Royal\",\"isPartOf\":{\"@id\":\"https:\/\/medjugorje-royal.ba\/#website\"},\"datePublished\":\"2021-05-12T13:08:32+00:00\",\"dateModified\":\"2023-01-17T13:36:13+00:00\",\"description\":\"Organizirani izletni paketi na sve lokacije u Hercegovini te u dr\\u017eavama u regiji. Neke od predlo\\u017eenih lokacija mo\\u017eete pogledati ispod.\",\"breadcrumb\":{\"@id\":\"https:\/\/medjugorje-royal.ba\/paketi\/#breadcrumb\"},\"inLanguage\":\"it-IT\",\"potentialAction\":[{\"@type\":\"ReadAction\",\"target\":[\"https:\/\/medjugorje-royal.ba\/paketi\/\"]}]},{\"@type\":\"BreadcrumbList\",\"@id\":\"https:\/\/medjugorje-royal.ba\/paketi\/#breadcrumb\",\"itemListElement\":[{\"@type\":\"ListItem\",\"position\":1,\"item\":{\"@type\":\"WebPage\",\"@id\":\"https:\/\/medjugorje-royal.ba\/\",\"url\":\"https:\/\/medjugorje-royal.ba\/\",\"name\":\"Home\"}},{\"@type\":\"ListItem\",\"position\":2,\"item\":{\"@type\":\"WebPage\",\"@id\":\"https:\/\/medjugorje-royal.ba\/paketi\/\",\"url\":\"https:\/\/medjugorje-royal.ba\/paketi\/\",\"name\":\"Paketi\"}}]}]}<\/script>\n<!-- \/ Yoast SEO Premium plugin. -->","_links":{"self":[{"href":"https:\/\/medjugorje-royal.ba\/it\/wp-json\/wp\/v2\/pages\/1154"}],"collection":[{"href":"https:\/\/medjugorje-royal.ba\/it\/wp-json\/wp\/v2\/pages"}],"about":[{"href":"https:\/\/medjugorje-royal.ba\/it\/wp-json\/wp\/v2\/types\/page"}],"author":[{"embeddable":true,"href":"https:\/\/medjugorje-royal.ba\/it\/wp-json\/wp\/v2\/users\/2"}],"replies":[{"embeddable":true,"href":"https:\/\/medjugorje-royal.ba\/it\/wp-json\/wp\/v2\/comments?post=1154"}],"version-history":[{"count":78,"href":"https:\/\/medjugorje-royal.ba\/it\/wp-json\/wp\/v2\/pages\/1154\/revisions"}],"predecessor-version":[{"id":2207,"href":"https:\/\/medjugorje-royal.ba\/it\/wp-json\/wp\/v2\/pages\/1154\/revisions\/2207"}],"wp:attachment":[{"href":"https:\/\/medjugorje-royal.ba\/it\/wp-json\/wp\/v2\/media?parent=1154"}],"curies":[{"name":"wp","href":"https:\/\/api.w.org\/{rel}","templated":true}]}}