{"id":1401,"date":"2021-05-25T10:14:20","date_gmt":"2021-05-25T08:14:20","guid":{"rendered":"https:\/\/medjugorje-royal.ba\/?page_id=1401"},"modified":"2021-06-23T09:19:51","modified_gmt":"2021-06-23T07:19:51","slug":"transferi","status":"publish","type":"page","link":"https:\/\/medjugorje-royal.ba\/es\/transferi\/","title":{"rendered":"Traslados"},"content":{"rendered":"<p>[vc_row css_animation=&#8221;fadeInUp&#8221;][vc_column][vc_column_text]<\/p>\n<p class=\"justify-paragraf\">Ofrecemos todo tipo de transportes, en veh\u00edculos c\u00f3modos y modernos: traslados desde y al aeropuerto, transporte local en Medjugorje, excursiones etc.<\/p>\n<p>[\/vc_column_text][\/vc_column][\/vc_row][vc_row css_animation=&#8221;fadeInUp&#8221;][vc_column][vc_custom_heading text=&#8221;Flota&#8221;][vc_column_text]<\/p>\n<p class=\"justify-paragraf\">Brindamos transporte en autom\u00f3vil, minib\u00fas o autob\u00fas, seg\u00fan la cantidad de pasajeros, que puede ver en el texto a continuaci\u00f3n.<\/p>\n<p>[\/vc_column_text][vc_row_inner][vc_column_inner width=&#8221;1\/4&#8243;][vc_single_image image=&#8221;1807&#8243; img_size=&#8221;full&#8221; alignment=&#8221;center&#8221; css=&#8221;.vc_custom_1623142841365{margin-bottom: 15px !important;}&#8221;][\/vc_column_inner][vc_column_inner width=&#8221;3\/4&#8243;][vc_custom_heading text=&#8221;Carro&#8221; font_container=&#8221;tag:h3|text_align:left&#8221; css=&#8221;.vc_custom_1623143726225{margin-top: 0px !important;}&#8221;][vc_column_text]<\/p>\n<p class=\"justify-paragraf\">Transporte de 1 a 3 personas<\/p>\n<p>[\/vc_column_text][\/vc_column_inner][\/vc_row_inner][vc_row_inner][vc_column_inner width=&#8221;1\/4&#8243;][vc_single_image image=&#8221;1808&#8243; img_size=&#8221;full&#8221; alignment=&#8221;center&#8221; css=&#8221;.vc_custom_1623142853774{margin-bottom: 15px !important;}&#8221;][\/vc_column_inner][vc_column_inner width=&#8221;3\/4&#8243;][vc_custom_heading text=&#8221;Mini bus&#8221; font_container=&#8221;tag:h3|text_align:left&#8221; css=&#8221;.vc_custom_1623142588476{margin-top: 0px !important;}&#8221;][vc_column_text]<\/p>\n<p class=\"justify-paragraf\">Transporte para grupos de personas de 4 a 8 pasajeros.<\/p>\n<p>[\/vc_column_text][\/vc_column_inner][\/vc_row_inner][vc_row_inner][vc_column_inner width=&#8221;1\/4&#8243;][vc_single_image image=&#8221;1415&#8243; img_size=&#8221;full&#8221; alignment=&#8221;center&#8221; css=&#8221;.vc_custom_1623142677155{margin-bottom: 15px !important;}&#8221;][\/vc_column_inner][vc_column_inner width=&#8221;3\/4&#8243;][vc_custom_heading text=&#8221;Autob\u00fas&#8221; font_container=&#8221;tag:h3|text_align:left&#8221; css=&#8221;.vc_custom_1623143749571{margin-top: 0px !important;}&#8221;][vc_column_text]<\/p>\n<p class=\"justify-paragraf\">Transporte de pasajeros para grupos peque\u00f1os de 9 a 14 pasajeros, grupos medianos de 15 a 25 pasajeros, grupos m\u00e1s grandes de 26 a 49 pasajeros y grupos grandes de 50 a 55 pasajeros.<\/p>\n<p>[\/vc_column_text][\/vc_column_inner][\/vc_row_inner][\/vc_column][\/vc_row][vc_row css_animation=&#8221;fadeInUp&#8221;][vc_column][vc_custom_heading text=&#8221;Transferencia de reserva&#8221; font_container=&#8221;tag:h2|font_size:32|text_align:left&#8221; css=&#8221;.vc_custom_1623055799873{margin-bottom: 30px !important;}&#8221;][vc_column_text css_animation=&#8221;none&#8221;]<\/p>\n<p style=\"font-size: 18px; text-align: justify;\">Complete el siguiente formulario y env\u00ede una consulta para obtener m\u00e1s detalles y el precio del viaje.<\/p>\n<div role=\"form\" class=\"wpcf7\" id=\"wpcf7-f1726-o3\" lang=\"hr\" dir=\"ltr\">\n<div class=\"screen-reader-response\"><p role=\"status\" aria-live=\"polite\" aria-atomic=\"true\"><\/p> <ul><\/ul><\/div>\n<form action=\"\/es\/wp-json\/wp\/v2\/pages\/1401#wpcf7-f1726-o3\" method=\"post\" class=\"wpcf7-form init\" novalidate=\"novalidate\" data-status=\"init\">\n<div style=\"display: none;\">\n<input type=\"hidden\" name=\"_wpcf7\" value=\"1726\" \/>\n<input type=\"hidden\" name=\"_wpcf7_version\" value=\"5.4.1\" \/>\n<input type=\"hidden\" name=\"_wpcf7_locale\" value=\"hr\" \/>\n<input type=\"hidden\" name=\"_wpcf7_unit_tag\" value=\"wpcf7-f1726-o3\" \/>\n<input type=\"hidden\" name=\"_wpcf7_container_post\" value=\"0\" \/>\n<input type=\"hidden\" name=\"_wpcf7_posted_data_hash\" value=\"\" \/>\n<input type=\"hidden\" name=\"_wpcf7_recaptcha_response\" value=\"\" \/>\n<\/div>\n<div class=\"col-sm-4\" style=\"padding-left: 0;\"><label style=\"width: 100%;\"> Tu nombre<br \/>\n    <span class=\"wpcf7-form-control-wrap your-name\"><input type=\"text\" name=\"your-name\" value=\"\" size=\"40\" class=\"wpcf7-form-control wpcf7-text wpcf7-validates-as-required\" aria-required=\"true\" aria-invalid=\"false\" placeholder=\"Nombre\" \/><\/span> <\/label><\/div>\n<div class=\"col-sm-4\" style=\"padding-left: 0;\"><label style=\"width: 100%;\"> E - mail<br \/>\n    <span class=\"wpcf7-form-control-wrap your-email\"><input type=\"email\" name=\"your-email\" value=\"\" size=\"40\" class=\"wpcf7-form-control wpcf7-text wpcf7-email wpcf7-validates-as-required wpcf7-validates-as-email\" aria-required=\"true\" aria-invalid=\"false\" placeholder=\"E - mail\" \/><\/span> <\/label><\/div>\n<div class=\"col-sm-4\" style=\"padding-left: 0;\"><label style=\"width: 100%;\"> Tel\u00e9fono de contacto<br \/>\n    <span class=\"wpcf7-form-control-wrap tel-kontakt\"><input type=\"tel\" name=\"tel-kontakt-cf7it-national\" value=\"\" class=\"wpcf7-form-control wpcf7-intl-tel wpcf7-intl_tel wpcf7-validates-as-required\" aria-required=\"true\" aria-invalid=\"false\" placeholder=\"Tel\u00e9fono de contacto\" \/><input type=\"hidden\" name=\"tel-kontakt\" class=\"wpcf7-intl-tel-full\" \/><input type=\"hidden\" name=\"tel-kontakt-cf7it-country-name\" class=\"wpcf7-intl-tel-country-name\" \/><input type=\"hidden\" name=\"tel-kontakt-cf7it-country-code\" class=\"wpcf7-intl-tel-country-code\" \/><input type=\"hidden\" name=\"tel-kontakt-cf7it-country-iso2\" class=\"wpcf7-intl-tel-country-iso2\" \/><\/span> <\/label><\/div>\n<div class=\"col-sm-4\" style=\"padding-left: 0;\"><label style=\"width: 100%;\"> N\u00famero de pasajeros<br \/>\n   <span class=\"wpcf7-form-control-wrap number-putnika\"><input type=\"number\" name=\"number-putnika\" value=\"\" class=\"wpcf7-form-control wpcf7-number wpcf7-validates-as-required wpcf7-validates-as-number\" min=\"1\" aria-required=\"true\" aria-invalid=\"false\" placeholder=\"N\u00famero de pasajeros (min 1)\" \/><\/span> <\/label><\/div>\n<div class=\"col-sm-4\" style=\"padding-left: 0;\"><label style=\"width: 100%;\"> Punto de partida<br \/>\n    <span class=\"wpcf7-form-control-wrap polaziste\"><input type=\"text\" name=\"polaziste\" value=\"\" size=\"40\" class=\"wpcf7-form-control wpcf7-text wpcf7-validates-as-required\" aria-required=\"true\" aria-invalid=\"false\" placeholder=\"Punto de partida\" \/><\/span> <\/label><\/div>\n<div class=\"col-sm-4\" style=\"padding-left: 0;\"><label style=\"width: 100%;\"> Destino<br \/>\n    <span class=\"wpcf7-form-control-wrap odrediste\"><input type=\"text\" name=\"odrediste\" value=\"\" size=\"40\" class=\"wpcf7-form-control wpcf7-text wpcf7-validates-as-required\" aria-required=\"true\" aria-invalid=\"false\" placeholder=\"Destino\" \/><\/span> <\/label><\/div>\n<div class=\"col-sm-12\" style=\"padding-left: 0;\"><label style=\"width: 100%;\"> Tu mensaje<br \/>\n    <span class=\"wpcf7-form-control-wrap your-message\"><textarea name=\"your-message\" cols=\"40\" rows=\"10\" class=\"wpcf7-form-control wpcf7-textarea\" aria-invalid=\"false\" placeholder=\"Mensaje (No requerido)\"><\/textarea><\/span> <\/label><\/div>\n<p><input type=\"submit\" value=\"Enviar\" class=\"wpcf7-form-control wpcf7-submit\" \/><\/p>\n<div class=\"wpcf7-response-output\" aria-hidden=\"true\"><\/div><\/form><\/div>[\/vc_column_text][\/vc_column][\/vc_row]<\/p>","protected":false},"excerpt":{"rendered":"<p>[vc_row css_animation=&#8221;fadeInUp&#8221;][vc_column][vc_column_text]<br \/>\nOfrecemos todo tipo de transportes, en veh\u00edculos c\u00f3modos y modernos: traslados desde y al aeropuerto, transporte local en Medjugorje, excursiones etc.<br \/>\n[\/vc_column_text][\/vc_column][\/vc_row][vc_row css_animation=&#8221;fadeInUp&#8221;][vc_column][vc_custom_heading text=&#8221;Flota&#8221;][vc_column_text]<br \/>\nBrindamos transporte en autom\u00f3vil, <\/p>\n","protected":false},"author":2,"featured_media":0,"parent":0,"menu_order":0,"comment_status":"closed","ping_status":"closed","template":"","meta":[],"yoast_head":"<!-- This site is optimized with the Yoast SEO Premium plugin v15.9 - https:\/\/yoast.com\/wordpress\/plugins\/seo\/ -->\n<title>Transferi putnika na sve lokacije zemalja regije - Medjugorje Royal<\/title>\n<meta name=\"description\" content=\"Organiziramo privatnih, lokalnih i grupnih transfera. Transferi putnika s aerodroma i natrag, lokalni prijevozi po Me\u0111ugorju i ostalo.\" \/>\n<meta name=\"robots\" content=\"index, follow, max-snippet:-1, max-image-preview:large, max-video-preview:-1\" \/>\n<link rel=\"canonical\" href=\"https:\/\/medjugorje-royal.ba\/transferi\/\" \/>\n<meta property=\"og:locale\" content=\"es_ES\" \/>\n<meta property=\"og:type\" content=\"article\" \/>\n<meta property=\"og:title\" content=\"Transferi putnika na sve lokacije zemalja regije - Medjugorje Royal\" \/>\n<meta property=\"og:description\" content=\"Organiziramo privatnih, lokalnih i grupnih transfera. Transferi putnika s aerodroma i natrag, lokalni prijevozi po Me\u0111ugorju i ostalo.\" \/>\n<meta property=\"og:url\" content=\"https:\/\/medjugorje-royal.ba\/transferi\/\" \/>\n<meta property=\"og:site_name\" content=\"Medjugorje Royal\" \/>\n<meta property=\"article:publisher\" content=\"https:\/\/www.facebook.com\/profile.php?id=100057577453706\" \/>\n<meta property=\"article:modified_time\" content=\"2021-06-23T07:19:51+00:00\" \/>\n<meta property=\"og:image\" content=\"https:\/\/medjugorje-royal.ba\/wp-content\/uploads\/2021\/06\/Royal-LOGO-RGB.png\" \/>\n\t<meta property=\"og:image:width\" content=\"190\" \/>\n\t<meta property=\"og:image:height\" content=\"110\" \/>\n<meta name=\"twitter:card\" content=\"summary_large_image\" \/>\n<meta name=\"twitter:label1\" content=\"Tiempo de lectura\">\n\t<meta name=\"twitter:data1\" content=\"1 minuto\">\n<script type=\"application\/ld+json\" class=\"yoast-schema-graph\">{\"@context\":\"https:\/\/schema.org\",\"@graph\":[{\"@type\":\"Organization\",\"@id\":\"https:\/\/medjugorje-royal.ba\/#organization\",\"name\":\"Medjugorje Royal\",\"url\":\"https:\/\/medjugorje-royal.ba\/\",\"sameAs\":[\"https:\/\/www.facebook.com\/profile.php?id=100057577453706\",\"https:\/\/www.instagram.com\/pansionno1\/\"],\"logo\":{\"@type\":\"ImageObject\",\"@id\":\"https:\/\/medjugorje-royal.ba\/#logo\",\"inLanguage\":\"es\",\"url\":\"https:\/\/medjugorje-royal.ba\/wp-content\/uploads\/2021\/05\/Royal-LOGO-RGB.png\",\"width\":800,\"height\":463,\"caption\":\"Medjugorje Royal\"},\"image\":{\"@id\":\"https:\/\/medjugorje-royal.ba\/#logo\"}},{\"@type\":\"WebSite\",\"@id\":\"https:\/\/medjugorje-royal.ba\/#website\",\"url\":\"https:\/\/medjugorje-royal.ba\/\",\"name\":\"Medjugorje Royal\",\"description\":\"Travel Agency\",\"publisher\":{\"@id\":\"https:\/\/medjugorje-royal.ba\/#organization\"},\"potentialAction\":[{\"@type\":\"SearchAction\",\"target\":\"https:\/\/medjugorje-royal.ba\/?s={search_term_string}\",\"query-input\":\"required name=search_term_string\"}],\"inLanguage\":\"es\"},{\"@type\":\"WebPage\",\"@id\":\"https:\/\/medjugorje-royal.ba\/transferi\/#webpage\",\"url\":\"https:\/\/medjugorje-royal.ba\/transferi\/\",\"name\":\"Transferi putnika na sve lokacije zemalja regije - Medjugorje Royal\",\"isPartOf\":{\"@id\":\"https:\/\/medjugorje-royal.ba\/#website\"},\"datePublished\":\"2021-05-25T08:14:20+00:00\",\"dateModified\":\"2021-06-23T07:19:51+00:00\",\"description\":\"Organiziramo privatnih, lokalnih i grupnih transfera. Transferi putnika s aerodroma i natrag, lokalni prijevozi po Me\\u0111ugorju i ostalo.\",\"breadcrumb\":{\"@id\":\"https:\/\/medjugorje-royal.ba\/transferi\/#breadcrumb\"},\"inLanguage\":\"es\",\"potentialAction\":[{\"@type\":\"ReadAction\",\"target\":[\"https:\/\/medjugorje-royal.ba\/transferi\/\"]}]},{\"@type\":\"BreadcrumbList\",\"@id\":\"https:\/\/medjugorje-royal.ba\/transferi\/#breadcrumb\",\"itemListElement\":[{\"@type\":\"ListItem\",\"position\":1,\"item\":{\"@type\":\"WebPage\",\"@id\":\"https:\/\/medjugorje-royal.ba\/\",\"url\":\"https:\/\/medjugorje-royal.ba\/\",\"name\":\"Home\"}},{\"@type\":\"ListItem\",\"position\":2,\"item\":{\"@type\":\"WebPage\",\"@id\":\"https:\/\/medjugorje-royal.ba\/transferi\/\",\"url\":\"https:\/\/medjugorje-royal.ba\/transferi\/\",\"name\":\"Transferi\"}}]}]}<\/script>\n<!-- \/ Yoast SEO Premium plugin. -->","_links":{"self":[{"href":"https:\/\/medjugorje-royal.ba\/es\/wp-json\/wp\/v2\/pages\/1401"}],"collection":[{"href":"https:\/\/medjugorje-royal.ba\/es\/wp-json\/wp\/v2\/pages"}],"about":[{"href":"https:\/\/medjugorje-royal.ba\/es\/wp-json\/wp\/v2\/types\/page"}],"author":[{"embeddable":true,"href":"https:\/\/medjugorje-royal.ba\/es\/wp-json\/wp\/v2\/users\/2"}],"replies":[{"embeddable":true,"href":"https:\/\/medjugorje-royal.ba\/es\/wp-json\/wp\/v2\/comments?post=1401"}],"version-history":[{"count":32,"href":"https:\/\/medjugorje-royal.ba\/es\/wp-json\/wp\/v2\/pages\/1401\/revisions"}],"predecessor-version":[{"id":2098,"href":"https:\/\/medjugorje-royal.ba\/es\/wp-json\/wp\/v2\/pages\/1401\/revisions\/2098"}],"wp:attachment":[{"href":"https:\/\/medjugorje-royal.ba\/es\/wp-json\/wp\/v2\/media?parent=1401"}],"curies":[{"name":"wp","href":"https:\/\/api.w.org\/{rel}","templated":true}]}}