{"id":1154,"date":"2021-05-12T15:08:32","date_gmt":"2021-05-12T13:08:32","guid":{"rendered":"https:\/\/medjugorje-royal.ba\/?page_id=1154"},"modified":"2023-01-17T14:36:13","modified_gmt":"2023-01-17T13:36:13","slug":"paketi","status":"publish","type":"page","link":"https:\/\/medjugorje-royal.ba\/es\/paketi\/","title":{"rendered":"Paquetes"},"content":{"rendered":"<p><\/p>\n<p>[vc_row css_animation=&#8221;fadeInUp&#8221;][vc_column][vc_column_text]<\/p>\n<p class=\"justify-paragraf\">Organizamos viajes a todos los lugares de Herzegovina y en los pa\u00edses de la regi\u00f3n. Puede ver algunas de las ubicaciones sugeridas a continuaci\u00f3n.<\/p>\n<p>[\/vc_column_text][\/vc_column][\/vc_row][vc_row equal_height=&#8221;yes&#8221; css_animation=&#8221;fadeInUp&#8221; css=&#8221;.vc_custom_1623155111852{margin-top: 30px !important;}&#8221;][vc_column][vc_row_inner equal_height=&#8221;yes&#8221;][vc_column_inner el_class=&#8221;full_height-container_wrapper&#8221; width=&#8221;1\/2&#8243;][vc_custom_heading text=&#8221;Excursiones Herzegovina&#8221; css_animation=&#8221;none&#8221; css=&#8221;.vc_custom_1623844580131{margin-top: 0px !important;margin-bottom: 30px !important;}&#8221;][vc_single_image image=&#8221;1216&#8243; img_size=&#8221;900&#215;600&#8243; alignment=&#8221;center&#8221; onclick=&#8221;custom_link&#8221; css_animation=&#8221;none&#8221; link=&#8221;\/izleti-hercegovina&#8221;][vc_column_text css_animation=&#8221;none&#8221;]<\/p>\n<p class=\"justify-paragraf\">Organizamos excursiones por Herzegovina, proporcionando transporte, gu\u00eda tur\u00edstico oficial y comida. Los precios dependen del n\u00famero de pasajeros, el tipo de excursi\u00f3n y transporte.<\/p>\n<p>[\/vc_column_text][vc_btn title=&#8221;Lee mas&#8221; shape=&#8221;square&#8221; align=&#8221;right&#8221; el_class=&#8221;absolute-button-big button-auto_margin&#8221; link=&#8221;url:%2Fizleti-hercegovina&#8221;][\/vc_column_inner][vc_column_inner el_class=&#8221;full_height-container_wrapper&#8221; width=&#8221;1\/2&#8243;][vc_custom_heading text=&#8221;Paquetes Tour de Europa&#8221; css_animation=&#8221;none&#8221; css=&#8221;.vc_custom_1623844587280{margin-top: 0px !important;margin-bottom: 30px !important;}&#8221;][vc_single_image image=&#8221;1236&#8243; img_size=&#8221;900&#215;600&#8243; alignment=&#8221;center&#8221; onclick=&#8221;custom_link&#8221; css_animation=&#8221;none&#8221; link=&#8221;\/paketi-tour-de-europe&#8221;][vc_column_text css_animation=&#8221;none&#8221;]<\/p>\n<p class=\"justify-paragraf\">Organizamos viajes personalizados por el Sur Oeste de Europa. \u00bfPor qu\u00e9 elegir esta ruta? Os descubriremos unas aut\u00e9nticas joyas de esta regi\u00f3n que merece la pena visitar! Aparte de estas ciudades, organizamos rutas por otras ciudades y pa\u00edses: entre ellos Zadar, Sarajevo y Montenegro.<\/p>\n<p>[\/vc_column_text][vc_btn title=&#8221;Lee mas&#8221; shape=&#8221;square&#8221; align=&#8221;right&#8221; el_class=&#8221;absolute-button-big button-auto_margin&#8221; link=&#8221;url:%2Fpaketi-tour-de-europe&#8221;][\/vc_column_inner][\/vc_row_inner][\/vc_column][\/vc_row][vc_row equal_height=&#8221;yes&#8221; css_animation=&#8221;fadeInUp&#8221; css=&#8221;.vc_custom_1673960733522{margin-top: 30px !important;}&#8221; el_class=&#8221;ture&#8221;][vc_column]<div class=\"pages_content\"><h4>Tours - excursiones<\/h4><div class=\"contact_infor\"><ul><li><label><i class=\"fa fa-plane\"><\/i>Dubrovnik\/Split - Medjugorje<\/label><div class=\"des\"><a class=\"wplightbox\" href=\"https:\/\/medjugorje-royal.ba\/wp-content\/uploads\/2023\/01\/Program-na-hrvatskom-HNZ-new.pdf\">Ver detalles<\/a><\/div><\/li><li><label><i class=\"fa fa-plane\"><\/i>Medjugorje\/Mostar \u2013 Jablanica \u2013 Mostar\/Medjugorje<\/label><div class=\"des\"><a class=\"wplightbox\" href=\"https:\/\/medjugorje-royal.ba\/wp-content\/uploads\/2023\/01\/15.pdf\">Ver detalles<\/a><\/div><\/li><li><label><i class=\"fa fa-plane\"><\/i>Medjugorje \u2013 Citluk - Zitomislici - Mostar<\/label><div class=\"des\"><a class=\"wplightbox\" href=\"https:\/\/medjugorje-royal.ba\/wp-content\/uploads\/2023\/01\/16.pdf\">Ver detalles<\/a><\/div><\/li><\/ul><\/div><\/div>[vc_empty_space][\/vc_column][\/vc_row][vc_row css_animation=&#8221;fadeInUp&#8221;][vc_column][vc_custom_heading text=&#8221;Ejemplo de paquetes tur\u00edsticos personalizados&#8221; css=&#8221;.vc_custom_1623162311286{margin-bottom: 30px !important;}&#8221;][vc_column_text]<\/p>\n<p class=\"justify-paragraf\"><strong>Paquete Belgrado &#8211; Medjugorje &#8211; Dubrovnik &#8211; Split &#8211; Lagos Plitvice &#8211; Zagreb:<\/strong><\/p>\n<p>[\/vc_column_text][vc_single_image image=&#8221;1970&#8243; img_size=&#8221;full&#8221; alignment=&#8221;center&#8221; el_class=&#8221;image-stretch&#8221;][vc_column_text css_animation=&#8221;none&#8221;]<\/p>\n<p class=\"justify-paragraf\"><strong>D\u00eda 1.<\/strong> Llegada a Belgrado. Traslado del aeropuerto al hotel de 3* o 4*. Cena y noche en el hotel.<\/p>\n<p class=\"justify-paragraf\"><strong>D\u00eda 2.<\/strong> Visita panor\u00e1mica a Belgrado con gu\u00eda oficial. Comida (o lunch box) y traslado a Medjugorje. Cena y noche en la Pensi\u00f3n n\u00ba 1 en Medjugorje.<\/p>\n<p class=\"justify-paragraf\"><strong>D\u00eda 3.<\/strong> Jornada en Medjugorje. Misa en la capilla. Desayuno y visita al Podbrdo (Colina de las Apariciones). Comida en la pensi\u00f3n. Excursi\u00f3n a Tihaljina y Siroki Brijeg. Cena y noche en la pensi\u00f3n.<\/p>\n<p class=\"justify-paragraf\"><strong>D\u00eda 4.<\/strong> Misa en la capilla. Desayuno en la Pensi\u00f3n n\u00ba 1. Excursi\u00f3n a Dubrovnik. Visita a Dubrovnik con gu\u00eda tur\u00edstico. Comida en el restaurante y tiempo libre. Cena y noche en la pensi\u00f3n n\u00ba 1 en Medjugorje.<\/p>\n<p class=\"justify-paragraf\"><strong>D\u00eda 5.<\/strong> Misa en la capilla. Desayuno. Visita a Krizevac (Colina de la Cruz). Comida en la pensi\u00f3n n\u00ba1. Visita guiada al Cenacolo. Cena y noche en la pensi\u00f3n.<\/p>\n<p class=\"justify-paragraf\"><strong>D\u00eda 6.<\/strong> Misa en la capilla. Desayuno y salida a Split. Visita a la ciudad con gu\u00eda oficial. Comida en el restaurante y tiempo libre. Cena y noche en hotel de 4*.<\/p>\n<p class=\"justify-paragraf\"><strong>D\u00eda 7.<\/strong> Desayuno en el hotel en Split. Salida a los Lagos de Plitvice. Check-in y comida en hotel de 3* o 4* en Plitvice. Visita a la ciudad con gu\u00eda oficial. Cena y noche en el hotel.<\/p>\n<p class=\"justify-paragraf\"><strong>D\u00eda 8.<\/strong> Misa en la sala de conferencias al lado del hotel. Desayuno en el hotel y check-out. Llegada a Zagreb. Visita a la ciudad con gu\u00eda oficial. Comida en restaurante. Check- in, cena y noche en hotel de 4*.<\/p>\n<p class=\"justify-paragraf\"><strong>D\u00eda 9.<\/strong> Misa en la sala de conferencias al lado del hotel. Desayuno en el hotel. Salida al aeropuerto.<\/p>\n<p>[\/vc_column_text][\/vc_column][\/vc_row][vc_row css_animation=&#8221;fadeInUp&#8221;][vc_column][vc_custom_heading text=&#8221;Reserva de viaje&#8221; css=&#8221;.vc_custom_1623054863600{margin-bottom: 30px !important;}&#8221;][vc_column_text css_animation=&#8221;none&#8221;]<\/p>\n<p class=\"justify-paragraf\">Complete el siguiente formulario y env\u00ede una consulta para obtener m\u00e1s detalles y el precio del viaje.<\/p>\n<div role=\"form\" class=\"wpcf7\" id=\"wpcf7-f1731-o3\" lang=\"hr\" dir=\"ltr\">\n<div class=\"screen-reader-response\"><p role=\"status\" aria-live=\"polite\" aria-atomic=\"true\"><\/p> <ul><\/ul><\/div>\n<form action=\"\/es\/wp-json\/wp\/v2\/pages\/1154#wpcf7-f1731-o3\" method=\"post\" class=\"wpcf7-form init\" novalidate=\"novalidate\" data-status=\"init\">\n<div style=\"display: none;\">\n<input type=\"hidden\" name=\"_wpcf7\" value=\"1731\" \/>\n<input type=\"hidden\" name=\"_wpcf7_version\" value=\"5.4.1\" \/>\n<input type=\"hidden\" name=\"_wpcf7_locale\" value=\"hr\" \/>\n<input type=\"hidden\" name=\"_wpcf7_unit_tag\" value=\"wpcf7-f1731-o3\" \/>\n<input type=\"hidden\" name=\"_wpcf7_container_post\" value=\"0\" \/>\n<input type=\"hidden\" name=\"_wpcf7_posted_data_hash\" value=\"\" \/>\n<input type=\"hidden\" name=\"_wpcf7_recaptcha_response\" value=\"\" \/>\n<\/div>\n<div class=\"col-sm-6\" style=\"padding-left: 0;\"><label style=\"width: 100%;\"> Tu nombre<br \/>\n    <span class=\"wpcf7-form-control-wrap your-name\"><input type=\"text\" name=\"your-name\" value=\"\" size=\"40\" class=\"wpcf7-form-control wpcf7-text wpcf7-validates-as-required\" aria-required=\"true\" aria-invalid=\"false\" placeholder=\"Nombre\" \/><\/span> <\/label><\/div>\n<div class=\"col-sm-6\" style=\"padding-left: 0;\"><label style=\"width: 100%;\"> Tu direcci\u00f3n de E - mail<br \/>\n    <span class=\"wpcf7-form-control-wrap your-email\"><input type=\"email\" name=\"your-email\" value=\"\" size=\"40\" class=\"wpcf7-form-control wpcf7-text wpcf7-email wpcf7-validates-as-required wpcf7-validates-as-email\" aria-required=\"true\" aria-invalid=\"false\" placeholder=\"E - mail\" \/><\/span> <\/label><\/div>\n<div class=\"col-sm-6\" style=\"padding-left: 0;\"><label style=\"width: 100%;\"> Tel\u00e9fono de contacto<br \/>\n    <span class=\"wpcf7-form-control-wrap tel-kontakt\"><input type=\"tel\" name=\"tel-kontakt-cf7it-national\" value=\"\" class=\"wpcf7-form-control wpcf7-intl-tel wpcf7-intl_tel wpcf7-validates-as-required\" aria-required=\"true\" aria-invalid=\"false\" placeholder=\"Tel\u00e9fono de contacto\" \/><input type=\"hidden\" name=\"tel-kontakt\" class=\"wpcf7-intl-tel-full\" \/><input type=\"hidden\" name=\"tel-kontakt-cf7it-country-name\" class=\"wpcf7-intl-tel-country-name\" \/><input type=\"hidden\" name=\"tel-kontakt-cf7it-country-code\" class=\"wpcf7-intl-tel-country-code\" \/><input type=\"hidden\" name=\"tel-kontakt-cf7it-country-iso2\" class=\"wpcf7-intl-tel-country-iso2\" \/><\/span> <\/label><\/div>\n<div class=\"col-sm-6\" style=\"padding-left: 0;\"><label style=\"width: 100%;\"> N\u00famero de pasajeros<br \/>\n   <span class=\"wpcf7-form-control-wrap number-putnika\"><input type=\"number\" name=\"number-putnika\" value=\"\" class=\"wpcf7-form-control wpcf7-number wpcf7-validates-as-required wpcf7-validates-as-number\" min=\"1\" aria-required=\"true\" aria-invalid=\"false\" placeholder=\"N\u00famero de pasajeros (min 1)\" \/><\/span> <\/label><\/div>\n<div class=\"col-sm-12\" style=\"padding-left: 0;\"><label style=\"width: 100%;\"> Tu mensaje<br \/>\n    <span class=\"wpcf7-form-control-wrap your-message\"><textarea name=\"your-message\" cols=\"40\" rows=\"10\" class=\"wpcf7-form-control wpcf7-textarea wpcf7-validates-as-required\" aria-required=\"true\" aria-invalid=\"false\" placeholder=\"Describe brevemente qu\u00e9 lugares te gustar\u00eda visitar y otros detalles\"><\/textarea><\/span> <\/label><\/div>\n<p><input type=\"submit\" value=\"Enviar\" class=\"wpcf7-form-control wpcf7-submit\" \/><\/p>\n<div class=\"wpcf7-response-output\" aria-hidden=\"true\"><\/div><\/form><\/div>[\/vc_column_text][\/vc_column][\/vc_row]<\/p>\n<p><\/p>","protected":false},"excerpt":{"rendered":"<p>\n[vc_row css_animation=&#8221;fadeInUp&#8221;][vc_column][vc_column_text]<br \/>\nOrganizamos viajes a todos los lugares de Herzegovina y en los pa\u00edses de la regi\u00f3n. Puede ver algunas de las ubicaciones sugeridas a continuaci\u00f3n.<br \/>\n[\/vc_column_text][\/vc_column][\/vc_row][vc_row equal_height=&#8221;yes&#8221; css_animation=&#8221;fadeInUp&#8221; <\/p>\n","protected":false},"author":2,"featured_media":0,"parent":0,"menu_order":0,"comment_status":"closed","ping_status":"closed","template":"","meta":[],"yoast_head":"<!-- This site is optimized with the Yoast SEO Premium plugin v15.9 - https:\/\/yoast.com\/wordpress\/plugins\/seo\/ -->\n<title>Turisti\u010dki paketi, organizirana putovanja - Medjugorje Royal<\/title>\n<meta name=\"description\" content=\"Organizirani izletni paketi na sve lokacije u Hercegovini te u dr\u017eavama u regiji. Neke od predlo\u017eenih lokacija mo\u017eete pogledati ispod.\" \/>\n<meta name=\"robots\" content=\"index, follow, max-snippet:-1, max-image-preview:large, max-video-preview:-1\" \/>\n<link rel=\"canonical\" href=\"https:\/\/medjugorje-royal.ba\/paketi\/\" \/>\n<meta property=\"og:locale\" content=\"es_ES\" \/>\n<meta property=\"og:type\" content=\"article\" \/>\n<meta property=\"og:title\" content=\"Turisti\u010dki paketi, organizirana putovanja - Medjugorje Royal\" \/>\n<meta property=\"og:description\" content=\"Organizirani izletni paketi na sve lokacije u Hercegovini te u dr\u017eavama u regiji. Neke od predlo\u017eenih lokacija mo\u017eete pogledati ispod.\" \/>\n<meta property=\"og:url\" content=\"https:\/\/medjugorje-royal.ba\/paketi\/\" \/>\n<meta property=\"og:site_name\" content=\"Medjugorje Royal\" \/>\n<meta property=\"article:publisher\" content=\"https:\/\/www.facebook.com\/profile.php?id=100057577453706\" \/>\n<meta property=\"article:modified_time\" content=\"2023-01-17T13:36:13+00:00\" \/>\n<meta property=\"og:image\" content=\"https:\/\/medjugorje-royal.ba\/wp-content\/uploads\/2021\/06\/Royal-LOGO-RGB.png\" \/>\n\t<meta property=\"og:image:width\" content=\"190\" \/>\n\t<meta property=\"og:image:height\" content=\"110\" \/>\n<meta name=\"twitter:card\" content=\"summary_large_image\" \/>\n<meta name=\"twitter:label1\" content=\"Tiempo de lectura\">\n\t<meta name=\"twitter:data1\" content=\"3 minutos\">\n<script type=\"application\/ld+json\" class=\"yoast-schema-graph\">{\"@context\":\"https:\/\/schema.org\",\"@graph\":[{\"@type\":\"Organization\",\"@id\":\"https:\/\/medjugorje-royal.ba\/#organization\",\"name\":\"Medjugorje Royal\",\"url\":\"https:\/\/medjugorje-royal.ba\/\",\"sameAs\":[\"https:\/\/www.facebook.com\/profile.php?id=100057577453706\",\"https:\/\/www.instagram.com\/pansionno1\/\"],\"logo\":{\"@type\":\"ImageObject\",\"@id\":\"https:\/\/medjugorje-royal.ba\/#logo\",\"inLanguage\":\"es\",\"url\":\"https:\/\/medjugorje-royal.ba\/wp-content\/uploads\/2021\/05\/Royal-LOGO-RGB.png\",\"width\":800,\"height\":463,\"caption\":\"Medjugorje Royal\"},\"image\":{\"@id\":\"https:\/\/medjugorje-royal.ba\/#logo\"}},{\"@type\":\"WebSite\",\"@id\":\"https:\/\/medjugorje-royal.ba\/#website\",\"url\":\"https:\/\/medjugorje-royal.ba\/\",\"name\":\"Medjugorje Royal\",\"description\":\"Travel Agency\",\"publisher\":{\"@id\":\"https:\/\/medjugorje-royal.ba\/#organization\"},\"potentialAction\":[{\"@type\":\"SearchAction\",\"target\":\"https:\/\/medjugorje-royal.ba\/?s={search_term_string}\",\"query-input\":\"required name=search_term_string\"}],\"inLanguage\":\"es\"},{\"@type\":\"WebPage\",\"@id\":\"https:\/\/medjugorje-royal.ba\/paketi\/#webpage\",\"url\":\"https:\/\/medjugorje-royal.ba\/paketi\/\",\"name\":\"Turisti\\u010dki paketi, organizirana putovanja - Medjugorje Royal\",\"isPartOf\":{\"@id\":\"https:\/\/medjugorje-royal.ba\/#website\"},\"datePublished\":\"2021-05-12T13:08:32+00:00\",\"dateModified\":\"2023-01-17T13:36:13+00:00\",\"description\":\"Organizirani izletni paketi na sve lokacije u Hercegovini te u dr\\u017eavama u regiji. Neke od predlo\\u017eenih lokacija mo\\u017eete pogledati ispod.\",\"breadcrumb\":{\"@id\":\"https:\/\/medjugorje-royal.ba\/paketi\/#breadcrumb\"},\"inLanguage\":\"es\",\"potentialAction\":[{\"@type\":\"ReadAction\",\"target\":[\"https:\/\/medjugorje-royal.ba\/paketi\/\"]}]},{\"@type\":\"BreadcrumbList\",\"@id\":\"https:\/\/medjugorje-royal.ba\/paketi\/#breadcrumb\",\"itemListElement\":[{\"@type\":\"ListItem\",\"position\":1,\"item\":{\"@type\":\"WebPage\",\"@id\":\"https:\/\/medjugorje-royal.ba\/\",\"url\":\"https:\/\/medjugorje-royal.ba\/\",\"name\":\"Home\"}},{\"@type\":\"ListItem\",\"position\":2,\"item\":{\"@type\":\"WebPage\",\"@id\":\"https:\/\/medjugorje-royal.ba\/paketi\/\",\"url\":\"https:\/\/medjugorje-royal.ba\/paketi\/\",\"name\":\"Paketi\"}}]}]}<\/script>\n<!-- \/ Yoast SEO Premium plugin. -->","_links":{"self":[{"href":"https:\/\/medjugorje-royal.ba\/es\/wp-json\/wp\/v2\/pages\/1154"}],"collection":[{"href":"https:\/\/medjugorje-royal.ba\/es\/wp-json\/wp\/v2\/pages"}],"about":[{"href":"https:\/\/medjugorje-royal.ba\/es\/wp-json\/wp\/v2\/types\/page"}],"author":[{"embeddable":true,"href":"https:\/\/medjugorje-royal.ba\/es\/wp-json\/wp\/v2\/users\/2"}],"replies":[{"embeddable":true,"href":"https:\/\/medjugorje-royal.ba\/es\/wp-json\/wp\/v2\/comments?post=1154"}],"version-history":[{"count":78,"href":"https:\/\/medjugorje-royal.ba\/es\/wp-json\/wp\/v2\/pages\/1154\/revisions"}],"predecessor-version":[{"id":2207,"href":"https:\/\/medjugorje-royal.ba\/es\/wp-json\/wp\/v2\/pages\/1154\/revisions\/2207"}],"wp:attachment":[{"href":"https:\/\/medjugorje-royal.ba\/es\/wp-json\/wp\/v2\/media?parent=1154"}],"curies":[{"name":"wp","href":"https:\/\/api.w.org\/{rel}","templated":true}]}}