{"id":379,"date":"2017-01-23T02:21:31","date_gmt":"2017-01-23T02:21:31","guid":{"rendered":"http:\/\/travelwp.physcode.com\/?page_id=379"},"modified":"2021-06-23T09:40:44","modified_gmt":"2021-06-23T07:40:44","slug":"o-agencija","status":"publish","type":"page","link":"https:\/\/medjugorje-royal.ba\/en\/o-agencija\/","title":{"rendered":"About us"},"content":{"rendered":"<p>[vc_row css_animation=&#8221;bottom-to-top&#8221;][vc_column][vc_single_image image=&#8221;919&#8243; img_size=&#8221;medium&#8221; alignment=&#8221;center&#8221;][vc_custom_heading text=&#8221;Why should you choose Medjugorje Royal Travel?&#8221; css=&#8221;.vc_custom_1623159656073{margin-bottom: 30px !important;}&#8221;][vc_column_text]<\/p>\n<p class=\"justify-paragraf\">Situated in the very heart of Medjugorje, just across the street from St. James\u2019 Church, we are dedicated to work with pilgrims who entrust us the organization of their travel. Our kind employees, who speak several foreign languages, are at your service and ready to help at any time.<\/p>\n<p>[\/vc_column_text][\/vc_column][\/vc_row][vc_row][vc_column width=&#8221;1\/2&#8243;][vc_single_image image=&#8221;1272&#8243; img_size=&#8221;1200&#215;800&#8243; alignment=&#8221;center&#8221; css_animation=&#8221;fadeInUp&#8221;][\/vc_column][vc_column width=&#8221;1\/2&#8243;][vc_single_image image=&#8221;1267&#8243; img_size=&#8221;1200&#215;800&#8243; alignment=&#8221;center&#8221; css_animation=&#8221;fadeInUp&#8221;][\/vc_column][\/vc_row][vc_row css=&#8221;.vc_custom_1620894404616{margin-top: 50px !important;}&#8221;][vc_column][vc_custom_heading text=&#8221;What can we offer ?&#8221; css_animation=&#8221;fadeInUp&#8221; css=&#8221;.vc_custom_1623159676537{margin-bottom: 30px !important;}&#8221;][vc_row_inner][vc_column_inner width=&#8221;1\/2&#8243;][vc_column_text css_animation=&#8221;fadeInUp&#8221;]<\/p>\n<ul>\n<li class=\"justify-paragraf\">Accommodation at the very centre of Medjugorje<\/li>\n<li class=\"justify-paragraf\">Tour package organization (for groups and individuals)<\/li>\n<li class=\"justify-paragraf\">Tour package organization (for groups and individuals)<\/li>\n<\/ul>\n<p>[\/vc_column_text][\/vc_column_inner][vc_column_inner width=&#8221;1\/2&#8243;][vc_column_text css_animation=&#8221;fadeInUp&#8221;]<\/p>\n<ul>\n<li class=\"justify-paragraf\">Individual airport transfers, local transport, organization of other kinds of transports (bus, boat, charter flights)<\/li>\n<li class=\"justify-paragraf\">Pilgrimage organization (tourist visa, verified tourist guides, visit to the most important sites in Medjugorje, excursions around Herzegovina and Croatia)<\/li>\n<\/ul>\n<p>[\/vc_column_text][\/vc_column_inner][\/vc_row_inner][\/vc_column][\/vc_row][vc_row css_animation=&#8221;fadeInUp&#8221;][vc_column width=&#8221;1\/3&#8243;][vc_single_image image=&#8221;1415&#8243; img_size=&#8221;600&#215;400&#8243;][\/vc_column][vc_column width=&#8221;1\/3&#8243;][vc_single_image image=&#8221;1395&#8243; img_size=&#8221;600&#215;400&#8243;][\/vc_column][vc_column width=&#8221;1\/3&#8243;][vc_single_image image=&#8221;1238&#8243; img_size=&#8221;600&#215;400&#8243;][\/vc_column][\/vc_row][vc_row css_animation=&#8221;fadeInUp&#8221;][vc_column][vc_column_text]<\/p>\n<p class=\"justify-paragraf\">Choose our agency for your trip to Medjugorje or pay us a visit during your stay and we can chat over a traditional cup of coffee! Don\u2019t hesitate, our office is at your service!<\/p>\n<p>[\/vc_column_text][vc_column_text]<\/p>\n<p class=\"justify-paragraf\">Our agency is a member of the Tourist Cluster of Herzegovina, a member of UTHIS (Association of Tourism, Hospitality and Room Rental) and the director of the agency is also a member of the Board of Directors of UTHIS. Agency Royal Medjugorje is a regular participant in the most important tourist fairs BIT Fiera Milano and FITUR in Madrid.<\/p>\n<p>[\/vc_column_text][vc_row_inner][vc_column_inner width=&#8221;1\/2&#8243;][vc_single_image image=&#8221;1434&#8243; img_size=&#8221;300&#215;200&#8243; alignment=&#8221;center&#8221;][\/vc_column_inner][vc_column_inner width=&#8221;1\/2&#8243;][vc_single_image image=&#8221;1435&#8243; img_size=&#8221;300&#215;200&#8243; alignment=&#8221;center&#8221;][\/vc_column_inner][\/vc_row_inner][\/vc_column][\/vc_row]<\/p>","protected":false},"excerpt":{"rendered":"<p>[vc_row css_animation=&#8221;bottom-to-top&#8221;][vc_column][vc_single_image image=&#8221;919&#8243; img_size=&#8221;medium&#8221; alignment=&#8221;center&#8221;][vc_custom_heading text=&#8221;Why should you choose Medjugorje Royal Travel?&#8221; css=&#8221;.vc_custom_1623159656073{margin-bottom: 30px !important;}&#8221;][vc_column_text]<br \/>\nSituated in the very heart of Medjugorje, just across the street from St. James\u2019 Church, <\/p>\n","protected":false},"author":1,"featured_media":0,"parent":0,"menu_order":0,"comment_status":"closed","ping_status":"closed","template":"","meta":[],"yoast_head":"<!-- This site is optimized with the Yoast SEO Premium plugin v15.9 - https:\/\/yoast.com\/wordpress\/plugins\/seo\/ -->\n<title>Medjugorje Royal - Agencija za prijevoz i smje\u0161taj putnika te izlete<\/title>\n<meta name=\"description\" content=\"Smje\u0161teni u samom srcu Me\u0111ugorja, preko puta crkve sv. Jakova. Izaberite upravo na\u0161u agenciju za organizaciju svog putovanja ili smje\u0161taja.\" \/>\n<meta name=\"robots\" content=\"index, follow, max-snippet:-1, max-image-preview:large, max-video-preview:-1\" \/>\n<link rel=\"canonical\" href=\"https:\/\/medjugorje-royal.ba\/o-agencija\/\" \/>\n<meta property=\"og:locale\" content=\"en_US\" \/>\n<meta property=\"og:type\" content=\"article\" \/>\n<meta property=\"og:title\" content=\"Medjugorje Royal - Agencija za prijevoz i smje\u0161taj putnika te izlete\" \/>\n<meta property=\"og:description\" content=\"Smje\u0161teni u samom srcu Me\u0111ugorja, preko puta crkve sv. Jakova. Izaberite upravo na\u0161u agenciju za organizaciju svog putovanja ili smje\u0161taja.\" \/>\n<meta property=\"og:url\" content=\"https:\/\/medjugorje-royal.ba\/o-agencija\/\" \/>\n<meta property=\"og:site_name\" content=\"Medjugorje Royal\" \/>\n<meta property=\"article:publisher\" content=\"https:\/\/www.facebook.com\/profile.php?id=100057577453706\" \/>\n<meta property=\"article:modified_time\" content=\"2021-06-23T07:40:44+00:00\" \/>\n<meta property=\"og:image\" content=\"https:\/\/medjugorje-royal.ba\/wp-content\/uploads\/2021\/06\/Royal-LOGO-RGB.png\" \/>\n\t<meta property=\"og:image:width\" content=\"190\" \/>\n\t<meta property=\"og:image:height\" content=\"110\" \/>\n<meta name=\"twitter:card\" content=\"summary_large_image\" \/>\n<meta name=\"twitter:label1\" content=\"Est. reading time\">\n\t<meta name=\"twitter:data1\" content=\"2 minutes\">\n<script type=\"application\/ld+json\" class=\"yoast-schema-graph\">{\"@context\":\"https:\/\/schema.org\",\"@graph\":[{\"@type\":\"Organization\",\"@id\":\"https:\/\/medjugorje-royal.ba\/#organization\",\"name\":\"Medjugorje Royal\",\"url\":\"https:\/\/medjugorje-royal.ba\/\",\"sameAs\":[\"https:\/\/www.facebook.com\/profile.php?id=100057577453706\",\"https:\/\/www.instagram.com\/pansionno1\/\"],\"logo\":{\"@type\":\"ImageObject\",\"@id\":\"https:\/\/medjugorje-royal.ba\/#logo\",\"inLanguage\":\"en-US\",\"url\":\"https:\/\/medjugorje-royal.ba\/wp-content\/uploads\/2021\/05\/Royal-LOGO-RGB.png\",\"width\":800,\"height\":463,\"caption\":\"Medjugorje Royal\"},\"image\":{\"@id\":\"https:\/\/medjugorje-royal.ba\/#logo\"}},{\"@type\":\"WebSite\",\"@id\":\"https:\/\/medjugorje-royal.ba\/#website\",\"url\":\"https:\/\/medjugorje-royal.ba\/\",\"name\":\"Medjugorje Royal\",\"description\":\"Travel Agency\",\"publisher\":{\"@id\":\"https:\/\/medjugorje-royal.ba\/#organization\"},\"potentialAction\":[{\"@type\":\"SearchAction\",\"target\":\"https:\/\/medjugorje-royal.ba\/?s={search_term_string}\",\"query-input\":\"required name=search_term_string\"}],\"inLanguage\":\"en-US\"},{\"@type\":\"WebPage\",\"@id\":\"https:\/\/medjugorje-royal.ba\/o-agencija\/#webpage\",\"url\":\"https:\/\/medjugorje-royal.ba\/o-agencija\/\",\"name\":\"Medjugorje Royal - Agencija za prijevoz i smje\\u0161taj putnika te izlete\",\"isPartOf\":{\"@id\":\"https:\/\/medjugorje-royal.ba\/#website\"},\"datePublished\":\"2017-01-23T02:21:31+00:00\",\"dateModified\":\"2021-06-23T07:40:44+00:00\",\"description\":\"Smje\\u0161teni u samom srcu Me\\u0111ugorja, preko puta crkve sv. Jakova. Izaberite upravo na\\u0161u agenciju za organizaciju svog putovanja ili smje\\u0161taja.\",\"breadcrumb\":{\"@id\":\"https:\/\/medjugorje-royal.ba\/o-agencija\/#breadcrumb\"},\"inLanguage\":\"en-US\",\"potentialAction\":[{\"@type\":\"ReadAction\",\"target\":[\"https:\/\/medjugorje-royal.ba\/o-agencija\/\"]}]},{\"@type\":\"BreadcrumbList\",\"@id\":\"https:\/\/medjugorje-royal.ba\/o-agencija\/#breadcrumb\",\"itemListElement\":[{\"@type\":\"ListItem\",\"position\":1,\"item\":{\"@type\":\"WebPage\",\"@id\":\"https:\/\/medjugorje-royal.ba\/\",\"url\":\"https:\/\/medjugorje-royal.ba\/\",\"name\":\"Home\"}},{\"@type\":\"ListItem\",\"position\":2,\"item\":{\"@type\":\"WebPage\",\"@id\":\"https:\/\/medjugorje-royal.ba\/o-agencija\/\",\"url\":\"https:\/\/medjugorje-royal.ba\/o-agencija\/\",\"name\":\"O nama\"}}]}]}<\/script>\n<!-- \/ Yoast SEO Premium plugin. -->","_links":{"self":[{"href":"https:\/\/medjugorje-royal.ba\/en\/wp-json\/wp\/v2\/pages\/379"}],"collection":[{"href":"https:\/\/medjugorje-royal.ba\/en\/wp-json\/wp\/v2\/pages"}],"about":[{"href":"https:\/\/medjugorje-royal.ba\/en\/wp-json\/wp\/v2\/types\/page"}],"author":[{"embeddable":true,"href":"https:\/\/medjugorje-royal.ba\/en\/wp-json\/wp\/v2\/users\/1"}],"replies":[{"embeddable":true,"href":"https:\/\/medjugorje-royal.ba\/en\/wp-json\/wp\/v2\/comments?post=379"}],"version-history":[{"count":42,"href":"https:\/\/medjugorje-royal.ba\/en\/wp-json\/wp\/v2\/pages\/379\/revisions"}],"predecessor-version":[{"id":2100,"href":"https:\/\/medjugorje-royal.ba\/en\/wp-json\/wp\/v2\/pages\/379\/revisions\/2100"}],"wp:attachment":[{"href":"https:\/\/medjugorje-royal.ba\/en\/wp-json\/wp\/v2\/media?parent=379"}],"curies":[{"name":"wp","href":"https:\/\/api.w.org\/{rel}","templated":true}]}}