{"id":1154,"date":"2021-05-12T15:08:32","date_gmt":"2021-05-12T13:08:32","guid":{"rendered":"https:\/\/medjugorje-royal.ba\/?page_id=1154"},"modified":"2023-01-17T14:36:13","modified_gmt":"2023-01-17T13:36:13","slug":"paketi","status":"publish","type":"page","link":"https:\/\/medjugorje-royal.ba\/en\/paketi\/","title":{"rendered":"Packages"},"content":{"rendered":"<p><\/p>\n<p>[vc_row css_animation=&#8221;fadeInUp&#8221;][vc_column][vc_column_text]<\/p>\n<p class=\"justify-paragraf\">We organize trips to all locations in Herzegovina and in the countries in the region. You can see some of the suggested locations below.<\/p>\n<p>[\/vc_column_text][\/vc_column][\/vc_row][vc_row equal_height=&#8221;yes&#8221; css_animation=&#8221;fadeInUp&#8221; css=&#8221;.vc_custom_1623155039605{margin-top: 30px !important;}&#8221;][vc_column][vc_row_inner equal_height=&#8221;yes&#8221;][vc_column_inner el_class=&#8221;full_height-container_wrapper&#8221; width=&#8221;1\/2&#8243;][vc_custom_heading text=&#8221;Excursions Herzegovina&#8221; css_animation=&#8221;none&#8221; css=&#8221;.vc_custom_1623844565266{margin-top: 0px !important;margin-bottom: 30px !important;}&#8221;][vc_single_image image=&#8221;1216&#8243; img_size=&#8221;900&#215;600&#8243; alignment=&#8221;center&#8221; onclick=&#8221;custom_link&#8221; css_animation=&#8221;none&#8221; link=&#8221;\/izleti-hercegovina&#8221;][vc_column_text css_animation=&#8221;none&#8221;]<\/p>\n<p class=\"justify-paragraf\">We organize excursions around Herzegovina for all our guests including transport, specialized tourist guide and lunch box. The price depends on the number of passengers and type of transport.<\/p>\n<p>[\/vc_column_text][vc_btn title=&#8221;Read more&#8221; shape=&#8221;square&#8221; align=&#8221;right&#8221; el_class=&#8221;absolute-button-big button-auto_margin&#8221; link=&#8221;url:%2Fizleti-hercegovina&#8221;][\/vc_column_inner][vc_column_inner el_class=&#8221;full_height-container_wrapper&#8221; width=&#8221;1\/2&#8243;][vc_custom_heading text=&#8221;Packages Tour de Europe&#8221; css_animation=&#8221;none&#8221; css=&#8221;.vc_custom_1623844571516{margin-top: 0px !important;margin-bottom: 30px !important;}&#8221;][vc_single_image image=&#8221;1236&#8243; img_size=&#8221;900&#215;600&#8243; alignment=&#8221;center&#8221; onclick=&#8221;custom_link&#8221; css_animation=&#8221;none&#8221; link=&#8221;\/paketi-tour-de-europe&#8221;][vc_column_text css_animation=&#8221;none&#8221;]<\/p>\n<p class=\"justify-paragraf\">We offer our clients individualized packages for South-Eastern Europe. Why should you visit this area? Let us present you a few jewels in this part of Europe that are definitely worth a visit! Apart from the mentioned cities, we also organize tours around other countries and cities in the region such as Zadar, Sarajevo or Montenegro.<\/p>\n<p>[\/vc_column_text][vc_btn title=&#8221;Read more&#8221; shape=&#8221;square&#8221; align=&#8221;right&#8221; el_class=&#8221;absolute-button-big button-auto_margin&#8221; link=&#8221;url:%2Fpaketi-tour-de-europe&#8221;][\/vc_column_inner][\/vc_row_inner][\/vc_column][\/vc_row][vc_row equal_height=&#8221;yes&#8221; css_animation=&#8221;fadeInUp&#8221; css=&#8221;.vc_custom_1673960733522{margin-top: 30px !important;}&#8221; el_class=&#8221;ture&#8221;][vc_column]<div class=\"pages_content\"><h4>Tours - excursions<\/h4><div class=\"contact_infor\"><ul><li><label><i class=\"fa fa-plane\"><\/i>Dubrovnik\/Split - Medjugorje<\/label><div class=\"des\"><a class=\"wplightbox\" href=\"https:\/\/medjugorje-royal.ba\/wp-content\/uploads\/2023\/01\/Program-na-hrvatskom-HNZ-new.pdf\">See details<\/a><\/div><\/li><li><label><i class=\"fa fa-plane\"><\/i>Medjugorje\/Mostar \u2013 Jablanica \u2013 Mostar\/Medjugorje<\/label><div class=\"des\"><a class=\"wplightbox\" href=\"https:\/\/medjugorje-royal.ba\/wp-content\/uploads\/2023\/01\/15.pdf\">See details<\/a><\/div><\/li><li><label><i class=\"fa fa-plane\"><\/i>Medjugorje \u2013 Citluk - Zitomislici - Mostar<\/label><div class=\"des\"><a class=\"wplightbox\" href=\"https:\/\/medjugorje-royal.ba\/wp-content\/uploads\/2023\/01\/16.pdf\">See details<\/a><\/div><\/li><\/ul><\/div><\/div>[vc_empty_space][\/vc_column][\/vc_row][vc_row css_animation=&#8221;fadeInUp&#8221;][vc_column][vc_custom_heading text=&#8221;Example of a personalized tourist package&#8221; css=&#8221;.vc_custom_1623162073762{margin-bottom: 30px !important;}&#8221;][vc_column_text]<\/p>\n<p class=\"justify-paragraf\"><strong>Package Belgrade \u2013 Medjugorje \u2013 Dubrovnik &#8211; Split \u2013 Plitvice Lakes \u2013 Zagreb:<\/strong><\/p>\n<p>[\/vc_column_text][vc_single_image image=&#8221;1969&#8243; img_size=&#8221;full&#8221; alignment=&#8221;center&#8221; el_class=&#8221;image-stretch&#8221;][vc_column_text css_animation=&#8221;none&#8221;]<\/p>\n<p class=\"justify-paragraf\"><strong>Day 1.<\/strong> Arrival at Belgrade. Transfer from the airport to a 3* or 4* hotel. Dinner and night at the hotel.<\/p>\n<p class=\"justify-paragraf\"><strong>Day 2.<\/strong> Panoramic sightseeing of Belgrade with a tourist guide. Lunch (or a lunch box, if preferred) and transport to Medjugorje. Dinner and night at the Pension NO1 in Medjugorje.<\/p>\n<p class=\"justify-paragraf\"><strong>Day 3.<\/strong> A day in Medjugorje. Mass at the Chapel, breakfast at the pension and visit to Podbrdo (Apparition Hill). Lunch at the Pension NO1. Excursion to Tihaljina and Siroki Brijeg. Dinner and night at the pension.<\/p>\n<p class=\"justify-paragraf\"><strong>Day 4.<\/strong> Mass at the Chapel and breakfast at the pension. Excursion to Dubrovnik. Sightseeing with a certified tourist guide. Lunch at a restaurant and free time in the city. Dinner and night at the Pension NO1 in Medjugorje.<\/p>\n<p class=\"justify-paragraf\"><strong>Day 5.<\/strong> Mass at the chapel. Breakfast. Visit to Krizevac (The Cross Hill). Lunch at the pension NO1. Visit to the community of Cenacolo accompanied by a tourist guide. Dinner and night at the pension.<\/p>\n<p class=\"justify-paragraf\"><strong>Day 6.<\/strong> Mass at the chapel. Breakfast. Departure to Split. Sightseeing with a certified tourist guide. Lunch at a restaurant and free time. Dinner and night at a 4* hotel.<\/p>\n<p class=\"justify-paragraf\"><strong>Day 7.<\/strong> Breakfast at the hotel in Split. Departure to Plitvice Lakes. Check-in and lunch at a 3* or 4* hotel at Plitvice Lakes. Sightseeing with a certified tourist guide. Dinner and night at the hotel.<\/p>\n<p class=\"justify-paragraf\"><strong>Day 8.<\/strong> Mass at the hotel\u2019s conference hall. Breakfast at the hotel and check-out. Arrival in Zagreb. Sightseeing with a certified tourist guide. Lunch at a restaurant. Check-in, dinner and night at a 4* hotel.<\/p>\n<p class=\"justify-paragraf\"><strong>Day 9.<\/strong> Mass at a conference hall next to a hotel. Breakfast at the hotel. Transfer to the airport.<\/p>\n<p>[\/vc_column_text][\/vc_column][\/vc_row][vc_row css_animation=&#8221;fadeInUp&#8221;][vc_column][vc_custom_heading text=&#8221;Travel reservation&#8221; css=&#8221;.vc_custom_1623054818523{margin-bottom: 30px !important;}&#8221;][vc_column_text css_animation=&#8221;none&#8221;]<\/p>\n<p class=\"justify-paragraf\">Fill out the form below and send an inquiry to get more details and the price of the trip<\/p>\n<div role=\"form\" class=\"wpcf7\" id=\"wpcf7-f1720-o2\" lang=\"hr\" dir=\"ltr\">\n<div class=\"screen-reader-response\"><p role=\"status\" aria-live=\"polite\" aria-atomic=\"true\"><\/p> <ul><\/ul><\/div>\n<form action=\"\/en\/wp-json\/wp\/v2\/pages\/1154#wpcf7-f1720-o2\" method=\"post\" class=\"wpcf7-form init\" novalidate=\"novalidate\" data-status=\"init\">\n<div style=\"display: none;\">\n<input type=\"hidden\" name=\"_wpcf7\" value=\"1720\" \/>\n<input type=\"hidden\" name=\"_wpcf7_version\" value=\"5.4.1\" \/>\n<input type=\"hidden\" name=\"_wpcf7_locale\" value=\"hr\" \/>\n<input type=\"hidden\" name=\"_wpcf7_unit_tag\" value=\"wpcf7-f1720-o2\" \/>\n<input type=\"hidden\" name=\"_wpcf7_container_post\" value=\"0\" \/>\n<input type=\"hidden\" name=\"_wpcf7_posted_data_hash\" value=\"\" \/>\n<input type=\"hidden\" name=\"_wpcf7_recaptcha_response\" value=\"\" \/>\n<\/div>\n<div class=\"col-sm-6\" style=\"padding-left: 0;\"><label style=\"width: 100%;\"> Your name<br \/>\n    <span class=\"wpcf7-form-control-wrap your-name\"><input type=\"text\" name=\"your-name\" value=\"\" size=\"40\" class=\"wpcf7-form-control wpcf7-text wpcf7-validates-as-required\" aria-required=\"true\" aria-invalid=\"false\" placeholder=\"Name\" \/><\/span> <\/label><\/div>\n<div class=\"col-sm-6\" style=\"padding-left: 0;\"><label style=\"width: 100%;\"> Your E - mail adress<br \/>\n    <span class=\"wpcf7-form-control-wrap your-email\"><input type=\"email\" name=\"your-email\" value=\"\" size=\"40\" class=\"wpcf7-form-control wpcf7-text wpcf7-email wpcf7-validates-as-required wpcf7-validates-as-email\" aria-required=\"true\" aria-invalid=\"false\" placeholder=\"E - mail\" \/><\/span> <\/label><\/div>\n<div class=\"col-sm-6\" style=\"padding-left: 0;\"><label style=\"width: 100%;\"> Contact phone number<br \/>\n    <span class=\"wpcf7-form-control-wrap tel-kontakt\"><input type=\"tel\" name=\"tel-kontakt-cf7it-national\" value=\"\" class=\"wpcf7-form-control wpcf7-intl-tel wpcf7-intl_tel wpcf7-validates-as-required\" aria-required=\"true\" aria-invalid=\"false\" placeholder=\"Phone number\" \/><input type=\"hidden\" name=\"tel-kontakt\" class=\"wpcf7-intl-tel-full\" \/><input type=\"hidden\" name=\"tel-kontakt-cf7it-country-name\" class=\"wpcf7-intl-tel-country-name\" \/><input type=\"hidden\" name=\"tel-kontakt-cf7it-country-code\" class=\"wpcf7-intl-tel-country-code\" \/><input type=\"hidden\" name=\"tel-kontakt-cf7it-country-iso2\" class=\"wpcf7-intl-tel-country-iso2\" \/><\/span> <\/label><\/div>\n<div class=\"col-sm-6\" style=\"padding-left: 0;\"><label style=\"width: 100%;\"> Number of passengers<br \/>\n   <span class=\"wpcf7-form-control-wrap number-putnika\"><input type=\"number\" name=\"number-putnika\" value=\"\" class=\"wpcf7-form-control wpcf7-number wpcf7-validates-as-required wpcf7-validates-as-number\" min=\"1\" aria-required=\"true\" aria-invalid=\"false\" placeholder=\"Number of passengers (min 1)\" \/><\/span> <\/label><\/div>\n<div class=\"col-sm-12\" style=\"padding-left: 0;\"><label style=\"width: 100%;\"> Your message<br \/>\n    <span class=\"wpcf7-form-control-wrap your-message\"><textarea name=\"your-message\" cols=\"40\" rows=\"10\" class=\"wpcf7-form-control wpcf7-textarea wpcf7-validates-as-required\" aria-required=\"true\" aria-invalid=\"false\" placeholder=\"Briefly describe which locations you would like to visit and other details\"><\/textarea><\/span> <\/label><\/div>\n<p><input type=\"submit\" value=\"Send\" class=\"wpcf7-form-control wpcf7-submit\" \/><\/p>\n<div class=\"wpcf7-response-output\" aria-hidden=\"true\"><\/div><\/form><\/div>[\/vc_column_text][\/vc_column][\/vc_row]<\/p>\n<p><\/p>","protected":false},"excerpt":{"rendered":"<p>\n[vc_row css_animation=&#8221;fadeInUp&#8221;][vc_column][vc_column_text]<br \/>\nWe organize trips to all locations in Herzegovina and in the countries in the region. You can see some of the suggested locations below.<br \/>\n[\/vc_column_text][\/vc_column][\/vc_row][vc_row equal_height=&#8221;yes&#8221; css_animation=&#8221;fadeInUp&#8221; <\/p>\n","protected":false},"author":2,"featured_media":0,"parent":0,"menu_order":0,"comment_status":"closed","ping_status":"closed","template":"","meta":[],"yoast_head":"<!-- This site is optimized with the Yoast SEO Premium plugin v15.9 - https:\/\/yoast.com\/wordpress\/plugins\/seo\/ -->\n<title>Turisti\u010dki paketi, organizirana putovanja - Medjugorje Royal<\/title>\n<meta name=\"description\" content=\"Organizirani izletni paketi na sve lokacije u Hercegovini te u dr\u017eavama u regiji. Neke od predlo\u017eenih lokacija mo\u017eete pogledati ispod.\" \/>\n<meta name=\"robots\" content=\"index, follow, max-snippet:-1, max-image-preview:large, max-video-preview:-1\" \/>\n<link rel=\"canonical\" href=\"https:\/\/medjugorje-royal.ba\/paketi\/\" \/>\n<meta property=\"og:locale\" content=\"en_US\" \/>\n<meta property=\"og:type\" content=\"article\" \/>\n<meta property=\"og:title\" content=\"Turisti\u010dki paketi, organizirana putovanja - Medjugorje Royal\" \/>\n<meta property=\"og:description\" content=\"Organizirani izletni paketi na sve lokacije u Hercegovini te u dr\u017eavama u regiji. Neke od predlo\u017eenih lokacija mo\u017eete pogledati ispod.\" \/>\n<meta property=\"og:url\" content=\"https:\/\/medjugorje-royal.ba\/paketi\/\" \/>\n<meta property=\"og:site_name\" content=\"Medjugorje Royal\" \/>\n<meta property=\"article:publisher\" content=\"https:\/\/www.facebook.com\/profile.php?id=100057577453706\" \/>\n<meta property=\"article:modified_time\" content=\"2023-01-17T13:36:13+00:00\" \/>\n<meta property=\"og:image\" content=\"https:\/\/medjugorje-royal.ba\/wp-content\/uploads\/2021\/06\/Royal-LOGO-RGB.png\" \/>\n\t<meta property=\"og:image:width\" content=\"190\" \/>\n\t<meta property=\"og:image:height\" content=\"110\" \/>\n<meta name=\"twitter:card\" content=\"summary_large_image\" \/>\n<meta name=\"twitter:label1\" content=\"Est. reading time\">\n\t<meta name=\"twitter:data1\" content=\"3 minutes\">\n<script type=\"application\/ld+json\" class=\"yoast-schema-graph\">{\"@context\":\"https:\/\/schema.org\",\"@graph\":[{\"@type\":\"Organization\",\"@id\":\"https:\/\/medjugorje-royal.ba\/#organization\",\"name\":\"Medjugorje Royal\",\"url\":\"https:\/\/medjugorje-royal.ba\/\",\"sameAs\":[\"https:\/\/www.facebook.com\/profile.php?id=100057577453706\",\"https:\/\/www.instagram.com\/pansionno1\/\"],\"logo\":{\"@type\":\"ImageObject\",\"@id\":\"https:\/\/medjugorje-royal.ba\/#logo\",\"inLanguage\":\"en-US\",\"url\":\"https:\/\/medjugorje-royal.ba\/wp-content\/uploads\/2021\/05\/Royal-LOGO-RGB.png\",\"width\":800,\"height\":463,\"caption\":\"Medjugorje Royal\"},\"image\":{\"@id\":\"https:\/\/medjugorje-royal.ba\/#logo\"}},{\"@type\":\"WebSite\",\"@id\":\"https:\/\/medjugorje-royal.ba\/#website\",\"url\":\"https:\/\/medjugorje-royal.ba\/\",\"name\":\"Medjugorje Royal\",\"description\":\"Travel Agency\",\"publisher\":{\"@id\":\"https:\/\/medjugorje-royal.ba\/#organization\"},\"potentialAction\":[{\"@type\":\"SearchAction\",\"target\":\"https:\/\/medjugorje-royal.ba\/?s={search_term_string}\",\"query-input\":\"required name=search_term_string\"}],\"inLanguage\":\"en-US\"},{\"@type\":\"WebPage\",\"@id\":\"https:\/\/medjugorje-royal.ba\/paketi\/#webpage\",\"url\":\"https:\/\/medjugorje-royal.ba\/paketi\/\",\"name\":\"Turisti\\u010dki paketi, organizirana putovanja - Medjugorje Royal\",\"isPartOf\":{\"@id\":\"https:\/\/medjugorje-royal.ba\/#website\"},\"datePublished\":\"2021-05-12T13:08:32+00:00\",\"dateModified\":\"2023-01-17T13:36:13+00:00\",\"description\":\"Organizirani izletni paketi na sve lokacije u Hercegovini te u dr\\u017eavama u regiji. Neke od predlo\\u017eenih lokacija mo\\u017eete pogledati ispod.\",\"breadcrumb\":{\"@id\":\"https:\/\/medjugorje-royal.ba\/paketi\/#breadcrumb\"},\"inLanguage\":\"en-US\",\"potentialAction\":[{\"@type\":\"ReadAction\",\"target\":[\"https:\/\/medjugorje-royal.ba\/paketi\/\"]}]},{\"@type\":\"BreadcrumbList\",\"@id\":\"https:\/\/medjugorje-royal.ba\/paketi\/#breadcrumb\",\"itemListElement\":[{\"@type\":\"ListItem\",\"position\":1,\"item\":{\"@type\":\"WebPage\",\"@id\":\"https:\/\/medjugorje-royal.ba\/\",\"url\":\"https:\/\/medjugorje-royal.ba\/\",\"name\":\"Home\"}},{\"@type\":\"ListItem\",\"position\":2,\"item\":{\"@type\":\"WebPage\",\"@id\":\"https:\/\/medjugorje-royal.ba\/paketi\/\",\"url\":\"https:\/\/medjugorje-royal.ba\/paketi\/\",\"name\":\"Paketi\"}}]}]}<\/script>\n<!-- \/ Yoast SEO Premium plugin. -->","_links":{"self":[{"href":"https:\/\/medjugorje-royal.ba\/en\/wp-json\/wp\/v2\/pages\/1154"}],"collection":[{"href":"https:\/\/medjugorje-royal.ba\/en\/wp-json\/wp\/v2\/pages"}],"about":[{"href":"https:\/\/medjugorje-royal.ba\/en\/wp-json\/wp\/v2\/types\/page"}],"author":[{"embeddable":true,"href":"https:\/\/medjugorje-royal.ba\/en\/wp-json\/wp\/v2\/users\/2"}],"replies":[{"embeddable":true,"href":"https:\/\/medjugorje-royal.ba\/en\/wp-json\/wp\/v2\/comments?post=1154"}],"version-history":[{"count":78,"href":"https:\/\/medjugorje-royal.ba\/en\/wp-json\/wp\/v2\/pages\/1154\/revisions"}],"predecessor-version":[{"id":2207,"href":"https:\/\/medjugorje-royal.ba\/en\/wp-json\/wp\/v2\/pages\/1154\/revisions\/2207"}],"wp:attachment":[{"href":"https:\/\/medjugorje-royal.ba\/en\/wp-json\/wp\/v2\/media?parent=1154"}],"curies":[{"name":"wp","href":"https:\/\/api.w.org\/{rel}","templated":true}]}}